{"id":53,"date":"2022-02-18T13:33:11","date_gmt":"2022-02-18T12:33:11","guid":{"rendered":"https:\/\/adrel.com.pl\/?page_id=53"},"modified":"2022-05-31T17:51:46","modified_gmt":"2022-05-31T15:51:46","slug":"realizacje","status":"publish","type":"page","link":"https:\/\/adrel.com.pl\/index.php\/realizacje\/","title":{"rendered":"REALIZACJE"},"content":{"rendered":"\n<h2 class=\"has-text-align-center wp-block-heading\">System dla obrabiarek CNC<\/h2>\n\n\n\n<div class=\"wp-block-columns is-layout-flex wp-container-core-columns-is-layout-9d6595d7 wp-block-columns-is-layout-flex\">\n<div class=\"wp-block-column is-layout-flow wp-block-column-is-layout-flow\">\n<p>W latach 90-tych opracowali\u015bmy i wdro\u017cyli\u015bmy do produkcji system do przenoszenia i przetwarzania program\u00f3w dla Obrabiarek Sterowanych Numerycznie. Eliminuje on tradycyjne no\u015bniki danych (ta\u015bmy papierowe) i przestarza\u0142e, mechaniczne czytniki oraz perforatory ta\u015bmy. Wprowadza jednolity system przekazywania program\u00f3w dla OSN. Jednocze\u015bnie daje mo\u017cliwo\u015b\u0107 poprawiania lub pisania programu bezpo\u015brednio za pomoc\u0105 klawiatury elektronicznego &#8222;czytnika&#8221;, co znacznie skraca czas wdra\u017cania nowych program\u00f3w oraz podnosi komfort obs\u0142ugi oraz efektywno\u015b\u0107 pracy. Wyprodukowali\u015bmy oko\u0142o 2500 tych system\u00f3w. Wiele z tych urz\u0105dze\u0144 pracuje bezawaryjnie do dzisiaj (oko\u0142o 30 lat).<\/p>\n\n\n\n<p><a href=\"https:\/\/adrel.com.pl\/index.php\/system-dla-obrabiarek-cnc-sterowanych-numerycznie\/\" data-type=\"page\" data-id=\"226\">Wi\u0119cej&#8230;<\/a><\/p>\n<\/div>\n\n\n\n<div class=\"wp-block-column is-layout-flow wp-block-column-is-layout-flow\">\n<figure class=\"wp-block-image size-full\"><img loading=\"lazy\" decoding=\"async\" width=\"800\" height=\"596\" src=\"https:\/\/adrel.com.pl\/wp-content\/uploads\/2022\/05\/adrel-elektronika-automatyka-przemyslowa-sterowniki-dla-przemyslu-projektowanie-wdrazanie-produkcja-CTICP_CNC.jpg\" alt=\"\" class=\"wp-image-229\" srcset=\"https:\/\/adrel.com.pl\/wp-content\/uploads\/2022\/05\/adrel-elektronika-automatyka-przemyslowa-sterowniki-dla-przemyslu-projektowanie-wdrazanie-produkcja-CTICP_CNC.jpg 800w, https:\/\/adrel.com.pl\/wp-content\/uploads\/2022\/05\/adrel-elektronika-automatyka-przemyslowa-sterowniki-dla-przemyslu-projektowanie-wdrazanie-produkcja-CTICP_CNC-300x224.jpg 300w, https:\/\/adrel.com.pl\/wp-content\/uploads\/2022\/05\/adrel-elektronika-automatyka-przemyslowa-sterowniki-dla-przemyslu-projektowanie-wdrazanie-produkcja-CTICP_CNC-768x572.jpg 768w, https:\/\/adrel.com.pl\/wp-content\/uploads\/2022\/05\/adrel-elektronika-automatyka-przemyslowa-sterowniki-dla-przemyslu-projektowanie-wdrazanie-produkcja-CTICP_CNC-150x112.jpg 150w\" sizes=\"auto, (max-width: 800px) 100vw, 800px\" \/><\/figure>\n<\/div>\n<\/div>\n\n\n\n<hr class=\"wp-block-separator has-alpha-channel-opacity\"\/>\n\n\n\n<h2 class=\"has-text-align-center wp-block-heading\">Sterowniki przemys\u0142owe<\/h2>\n\n\n\n<div class=\"wp-block-columns is-layout-flex wp-container-core-columns-is-layout-9d6595d7 wp-block-columns-is-layout-flex\">\n<div class=\"wp-block-column is-layout-flow wp-block-column-is-layout-flow\">\n<p>Zaprojektowali\u015bmy i produkujemy sterowniki dla przemys\u0142u oraz dla producent\u00f3w maszyn<br>i urz\u0105dze\u0144. Sterowniki s\u0105 projektowane indywidualnie, zgodnie z wytycznymi odbiorcy. Dostosowane do wymaga\u0144 i potrzeb konkretnego urz\u0105dzenia lub maszyny. Wieloletnie do\u015bwiadczenie pozwala nam projektowa\u0107 i produkowa\u0107 niezawodne sterowniki kt\u00f3re wytrzymuj\u0105 trudne warunki przemys\u0142owe. Wyprodukowali\u015bmy ju\u017c tysi\u0105ce sterownik\u00f3w dla r\u00f3\u017cnych odbiorc\u00f3w. Specjalizujemy si\u0119 w produkcji sterownik\u00f3w wyposa\u017conych w graficzny ekran dotykowy (taki jak w obecnych telefonach czy tabletach). Jednak mo\u017cemy r\u00f3wnie\u017c zaprojektowa\u0107<br>i wyprodukowa\u0107 sterowniki wyposa\u017cone w wy\u015bwietlacz alfanumeryczny i klawiatur\u0119 membranow\u0105.<\/p>\n\n\n\n<p><a href=\"https:\/\/adrel.com.pl\/index.php\/sterowniki-projektowanie-i-produkcja\/\" data-type=\"page\" data-id=\"219\">Wi\u0119cej&#8230;<\/a><\/p>\n<\/div>\n\n\n\n<div class=\"wp-block-column is-layout-flow wp-block-column-is-layout-flow\">\n<figure class=\"wp-block-image size-full\"><img loading=\"lazy\" decoding=\"async\" width=\"800\" height=\"533\" src=\"https:\/\/adrel.com.pl\/wp-content\/uploads\/2022\/05\/adrel-elektronika-automatyka-przemyslowa-sterowniki-dla-przemyslu-projektowanie-wdrazanie-produkcja-sterowniki-realizacje.jpg\" alt=\"\" class=\"wp-image-273\" srcset=\"https:\/\/adrel.com.pl\/wp-content\/uploads\/2022\/05\/adrel-elektronika-automatyka-przemyslowa-sterowniki-dla-przemyslu-projektowanie-wdrazanie-produkcja-sterowniki-realizacje.jpg 800w, https:\/\/adrel.com.pl\/wp-content\/uploads\/2022\/05\/adrel-elektronika-automatyka-przemyslowa-sterowniki-dla-przemyslu-projektowanie-wdrazanie-produkcja-sterowniki-realizacje-300x200.jpg 300w, https:\/\/adrel.com.pl\/wp-content\/uploads\/2022\/05\/adrel-elektronika-automatyka-przemyslowa-sterowniki-dla-przemyslu-projektowanie-wdrazanie-produkcja-sterowniki-realizacje-768x512.jpg 768w, https:\/\/adrel.com.pl\/wp-content\/uploads\/2022\/05\/adrel-elektronika-automatyka-przemyslowa-sterowniki-dla-przemyslu-projektowanie-wdrazanie-produkcja-sterowniki-realizacje-150x100.jpg 150w\" sizes=\"auto, (max-width: 800px) 100vw, 800px\" \/><\/figure>\n<\/div>\n<\/div>\n\n\n\n<hr class=\"wp-block-separator has-alpha-channel-opacity\"\/>\n\n\n\n<h2 class=\"has-text-align-center wp-block-heading\">Elektronika Modelarska<\/h2>\n\n\n\n<div class=\"wp-block-columns is-layout-flex wp-container-core-columns-is-layout-9d6595d7 wp-block-columns-is-layout-flex\">\n<div class=\"wp-block-column is-layout-flow wp-block-column-is-layout-flow\">\n<p>Jeste\u015bmy r\u00f3wnie\u017c fanami lotnictwa oraz modelarstwa lotniczego. Z tego te\u017c powodu opracowali\u015bmy i produkujemy r\u00f3\u017cne urz\u0105dzenia elektroniczne potrzebne w sporcie modelarskim.&nbsp; W 2009 roku wygrali\u015bmy mi\u0119dzynarodowy przetarg organizowany przez Mi\u0119dzynarodow\u0105 Federacj\u0119 Sport\u00f3w Lotniczych (FAI) na dostarczanie systemu do pomiaru wysoko\u015bci modeli lataj\u0105cych. Od tej pory wszyscy organizatorzy zawod\u00f3w modelarskich rozgrywanych na \u015bwiecie musz\u0105 u\u017cywa\u0107 produkowanych przez nas altimetr\u00f3w. Opracowali\u015bmy i produkujemy programowalne sterowniki do kontroli odpalania poszczeg\u00f3lnych stopni modeli rakiet wielocz\u0142onowych oraz hamowni\u0119 s\u0142u\u017c\u0105c\u0105 do pomiaru si\u0142y ci\u0105gu silnik\u00f3w rakietowych. Kolejnym produktem kt\u00f3ry produkowali\u015bmy by\u0142a uniwersalna \u0142adowarka akumulator\u00f3w. Oferowana by\u0142a w czasach gdy na rynku nie by\u0142o tego typu urz\u0105dze\u0144.<\/p>\n\n\n\n<p><a href=\"https:\/\/adrel.com.pl\/index.php\/elektronika-modelarska\/\" data-type=\"page\" data-id=\"242\">Wi\u0119cej\u2026<\/a><\/p>\n<\/div>\n\n\n\n<div class=\"wp-block-column is-layout-flow wp-block-column-is-layout-flow\">\n<figure class=\"wp-block-image size-full\"><img loading=\"lazy\" decoding=\"async\" width=\"800\" height=\"572\" src=\"https:\/\/adrel.com.pl\/wp-content\/uploads\/2022\/05\/adrel-elektronika-automatyka-przemyslowa-sterowniki-dla-przemyslu-projektowanie-wdrazanie-produkcja-modelarstwo-realizacje.jpg\" alt=\"\" class=\"wp-image-275\" srcset=\"https:\/\/adrel.com.pl\/wp-content\/uploads\/2022\/05\/adrel-elektronika-automatyka-przemyslowa-sterowniki-dla-przemyslu-projektowanie-wdrazanie-produkcja-modelarstwo-realizacje.jpg 800w, https:\/\/adrel.com.pl\/wp-content\/uploads\/2022\/05\/adrel-elektronika-automatyka-przemyslowa-sterowniki-dla-przemyslu-projektowanie-wdrazanie-produkcja-modelarstwo-realizacje-300x215.jpg 300w, https:\/\/adrel.com.pl\/wp-content\/uploads\/2022\/05\/adrel-elektronika-automatyka-przemyslowa-sterowniki-dla-przemyslu-projektowanie-wdrazanie-produkcja-modelarstwo-realizacje-768x549.jpg 768w, https:\/\/adrel.com.pl\/wp-content\/uploads\/2022\/05\/adrel-elektronika-automatyka-przemyslowa-sterowniki-dla-przemyslu-projektowanie-wdrazanie-produkcja-modelarstwo-realizacje-150x107.jpg 150w\" sizes=\"auto, (max-width: 800px) 100vw, 800px\" \/><\/figure>\n<\/div>\n<\/div>\n\n\n\n<hr class=\"wp-block-separator has-alpha-channel-opacity\"\/>\n\n\n\n<h2 class=\"has-text-align-center wp-block-heading\">Urz\u0105dzenia pomiarowe<\/h2>\n\n\n\n<div class=\"wp-block-columns is-layout-flex wp-container-core-columns-is-layout-9d6595d7 wp-block-columns-is-layout-flex\">\n<div class=\"wp-block-column is-layout-flow wp-block-column-is-layout-flow\">\n<p>W latach 90-tych na polskim rynku brakowa\u0142o urz\u0105dze\u0144 do diagnostyki sprz\u0119tu elektronicznego, szczeg\u00f3lnie wyposa\u017conego w uk\u0142ady cyfrowe. Wychodz\u0105c naprzeciw potrzeb oferowali\u015bmy opracowany przez nas przeno\u015bny analizator stan\u00f3w logicznych. Pozwala\u0142 on na rejestracj\u0119 i analiz\u0119 sygna\u0142\u00f3w cyfrowych, zapis tych sygna\u0142\u00f3w oraz wydruk na przeno\u015bnej drukarce termicznej. By\u0142o to nieodzowne narz\u0119dzie pozwalaj\u0105ce na szybk\u0105 diagnoz\u0119 uszkodze\u0144 w uk\u0142adach cyfrowych. Wyposa\u017cony by\u0142 w ekran graficzny na kt\u00f3rym mo\u017cna by\u0142o ogl\u0105da\u0107 zarejestrowany przebieg oraz w klawiatur\u0119 s\u0142u\u017c\u0105c\u0105 do ustawiania parametr\u00f3w.<\/p>\n<\/div>\n\n\n\n<div class=\"wp-block-column is-layout-flow wp-block-column-is-layout-flow\">\n<figure class=\"wp-block-image size-full\"><img loading=\"lazy\" decoding=\"async\" width=\"800\" height=\"530\" src=\"https:\/\/adrel.com.pl\/wp-content\/uploads\/2022\/05\/adrel-elektronika-automatyka-przemyslowa-sterowniki-dla-przemyslu-projektowanie-wdrazanie-produkcja-la-161.jpg\" alt=\"\" class=\"wp-image-274\" srcset=\"https:\/\/adrel.com.pl\/wp-content\/uploads\/2022\/05\/adrel-elektronika-automatyka-przemyslowa-sterowniki-dla-przemyslu-projektowanie-wdrazanie-produkcja-la-161.jpg 800w, https:\/\/adrel.com.pl\/wp-content\/uploads\/2022\/05\/adrel-elektronika-automatyka-przemyslowa-sterowniki-dla-przemyslu-projektowanie-wdrazanie-produkcja-la-161-300x199.jpg 300w, https:\/\/adrel.com.pl\/wp-content\/uploads\/2022\/05\/adrel-elektronika-automatyka-przemyslowa-sterowniki-dla-przemyslu-projektowanie-wdrazanie-produkcja-la-161-768x509.jpg 768w, https:\/\/adrel.com.pl\/wp-content\/uploads\/2022\/05\/adrel-elektronika-automatyka-przemyslowa-sterowniki-dla-przemyslu-projektowanie-wdrazanie-produkcja-la-161-150x99.jpg 150w\" sizes=\"auto, (max-width: 800px) 100vw, 800px\" \/><\/figure>\n<\/div>\n<\/div>\n\n\n\n<hr class=\"wp-block-separator has-alpha-channel-opacity\"\/>\n","protected":false},"excerpt":{"rendered":"<p>System dla obrabiarek CNC W latach 90-tych opracowali\u015bmy i wdro\u017cyli\u015bmy do produkcji system do przenoszenia i przetwarzania program\u00f3w dla Obrabiarek Sterowanych Numerycznie. Eliminuje on tradycyjne no\u015bniki danych (ta\u015bmy papierowe) i przestarza\u0142e, mechaniczne czytniki oraz perforatory ta\u015bmy. Wprowadza jednolity system przekazywania program\u00f3w dla OSN. Jednocze\u015bnie daje mo\u017cliwo\u015b\u0107 poprawiania lub pisania programu [&hellip;]<\/p>\n","protected":false},"author":1,"featured_media":0,"parent":0,"menu_order":0,"comment_status":"closed","ping_status":"closed","template":"","meta":{"footnotes":""},"class_list":["post-53","page","type-page","status-publish","hentry"],"_links":{"self":[{"href":"https:\/\/adrel.com.pl\/index.php\/wp-json\/wp\/v2\/pages\/53","targetHints":{"allow":["GET"]}}],"collection":[{"href":"https:\/\/adrel.com.pl\/index.php\/wp-json\/wp\/v2\/pages"}],"about":[{"href":"https:\/\/adrel.com.pl\/index.php\/wp-json\/wp\/v2\/types\/page"}],"author":[{"embeddable":true,"href":"https:\/\/adrel.com.pl\/index.php\/wp-json\/wp\/v2\/users\/1"}],"replies":[{"embeddable":true,"href":"https:\/\/adrel.com.pl\/index.php\/wp-json\/wp\/v2\/comments?post=53"}],"version-history":[{"count":4,"href":"https:\/\/adrel.com.pl\/index.php\/wp-json\/wp\/v2\/pages\/53\/revisions"}],"predecessor-version":[{"id":306,"href":"https:\/\/adrel.com.pl\/index.php\/wp-json\/wp\/v2\/pages\/53\/revisions\/306"}],"wp:attachment":[{"href":"https:\/\/adrel.com.pl\/index.php\/wp-json\/wp\/v2\/media?parent=53"}],"curies":[{"name":"wp","href":"https:\/\/api.w.org\/{rel}","templated":true}]}}