{"id":3,"date":"2022-01-28T09:54:15","date_gmt":"2022-01-28T08:54:15","guid":{"rendered":"http:\/\/adrel.com.pl\/?page_id=3"},"modified":"2022-05-30T18:10:57","modified_gmt":"2022-05-30T16:10:57","slug":"polityka-prywatnosci","status":"publish","type":"page","link":"https:\/\/adrel.com.pl\/index.php\/polityka-prywatnosci\/","title":{"rendered":"POLITYKA PRYWATNO\u015aCI"},"content":{"rendered":"\n<p>Zgodnie z&nbsp;wymogami europejskiego og\u00f3lnego rozporz\u0105dzenia o&nbsp;ochronie danych osobowych (RODO\/GDPR) dostosowali\u015bmy nasz sklep do&nbsp;nowych standard\u00f3w. Poni\u017cej przedstawiamy wszystkie najwa\u017cniejsze informacje, zasady przetwarzania przez&nbsp;nas Twoich&nbsp;danych osobowych oraz&nbsp;informacje o&nbsp;plikach cookies.<\/p>\n\n\n\n<ul class=\"wp-block-list\"><li>Administratorem Twoich\u00a0danych osobowych jest firma ADREL Zak\u0142ad Elektroniki i Aparatury Przemys\u0142owej<\/li><li>W\u00a0sprawach zwi\u0105zanych z\u00a0Twoimi danymi prosz\u0119 kontaktowa\u0107 si\u0119 z\u00a0Administratorem Danych Osobowych, e-mail: adrel@adrel.com.pl<\/li><li>Twoje\u00a0dane s\u0105\u00a0przetwarzane w\u00a0celu bezpo\u015bredniej komunikacji, \u015bwiadczenia us\u0142ug dostarczanych przez\u00a0nasz portal oraz\u00a0realizacji zam\u00f3wie\u0144. Podstaw\u0105 prawn\u0105 przetwarzania jest art. 6\u00a0ust 1\u00a0lit b) RODO: przetwarzanie jest niezb\u0119dne do\u00a0wykonania umowy, kt\u00f3rej\u00a0stron\u0105 jest osoba, kt\u00f3rej\u00a0dane dotycz\u0105, lub do\u00a0podj\u0119cia dzia\u0142a\u0144 na\u00a0\u017c\u0105danie osoby, kt\u00f3rej\u00a0dane dotycz\u0105, przed\u00a0zawarciem umowy<\/li><li>Dane s\u0105\u00a0przechowywane przez\u00a0ca\u0142y okres posiadania konta na\u00a0naszym portalu, umo\u017cliwiaj\u0105cego korzystanie z\u00a0serwisu. Podanie swoich danych osobowych jest dobrowolne, ale\u00a0konieczne w\u00a0celu \u015bwiadczenia us\u0142ug oraz\u00a0realizacji zam\u00f3wie\u0144<\/li><li>Twoje\u00a0dane przekazujemy tylko\u00a0naszym dostawcom, kt\u00f3rym\u00a0zlecamy us\u0142ugi pocztowe lub kurierskie<\/li><li>Masz dost\u0119p do\u00a0swoich danych osobowych, ich sprostowania, usuni\u0119cia lub ograniczenia przetwarzania<\/li><li>Masz prawo do\u00a0wniesienia sprzeciwu wobec dalszego przetwarzania, a\u00a0w\u00a0przypadku wyra\u017cenia zgody na\u00a0przetwarzanie danych do\u00a0jej wycofania. Skorzystanie z\u00a0prawa cofni\u0119cia zgody nie\u00a0ma\u00a0wp\u0142ywu na\u00a0przetwarzanie, kt\u00f3re mia\u0142o miejsce do\u00a0momentu wycofania zgody<\/li><li>Masz tak\u017ce prawo do\u00a0przenoszenia i\u00a0eksportu danych (w\u00a0szczeg\u00f3lno\u015bci historii transakcji)<\/li><li>Przys\u0142uguje Ci\u00a0prawo wniesienia skargi do\u00a0organu nadzorczego<\/li><\/ul>\n\n\n\n<h1 class=\"wp-block-heading\" id=\"cookies\">Cookies<\/h1>\n\n\n\n<p>Nasz Serwis, jak wi\u0119kszo\u015b\u0107 witryn internetowych, korzysta z&nbsp;plik\u00f3w cookies (ciasteczek). Ciasteczka to&nbsp;proste pliki tekstowe, kt\u00f3re s\u0105&nbsp;zapisywane w&nbsp;pami\u0119ci Twojego&nbsp;urz\u0105dzenia (komputera, telefonu, itp.) i&nbsp;umo\u017cliwiaj\u0105 m.in.&nbsp;korzystanie ze&nbsp;wszystkich funkcji serwisu jak np.&nbsp;logowanie czy&nbsp;tworzenie koszyka zakup\u00f3w. Pliki cookies mo\u017cesz w&nbsp;ka\u017cdej chwili usun\u0105\u0107 lub zablokowa\u0107, wykorzystuj\u0105c odpowiednie opcje swojej przegl\u0105darki. Nasze ciasteczka wykorzystywane s\u0105&nbsp;w&nbsp;celu zapami\u0119tywania informacji o&nbsp;Twojej&nbsp;sesji oraz&nbsp;poprawnego udost\u0119pniania funkcji serwisu.<\/p>\n","protected":false},"excerpt":{"rendered":"<p>Zgodnie z&nbsp;wymogami europejskiego og\u00f3lnego rozporz\u0105dzenia o&nbsp;ochronie danych osobowych (RODO\/GDPR) dostosowali\u015bmy nasz sklep do&nbsp;nowych standard\u00f3w. Poni\u017cej przedstawiamy wszystkie najwa\u017cniejsze informacje, zasady przetwarzania przez&nbsp;nas Twoich&nbsp;danych osobowych oraz&nbsp;informacje o&nbsp;plikach cookies. Administratorem Twoich\u00a0danych osobowych jest firma ADREL Zak\u0142ad Elektroniki i Aparatury Przemys\u0142owej W\u00a0sprawach zwi\u0105zanych z\u00a0Twoimi danymi prosz\u0119 kontaktowa\u0107 si\u0119 z\u00a0Administratorem Danych Osobowych, e-mail: adrel@adrel.com.pl [&hellip;]<\/p>\n","protected":false},"author":1,"featured_media":0,"parent":0,"menu_order":0,"comment_status":"closed","ping_status":"closed","template":"","meta":{"footnotes":""},"class_list":["post-3","page","type-page","status-publish","hentry"],"_links":{"self":[{"href":"https:\/\/adrel.com.pl\/index.php\/wp-json\/wp\/v2\/pages\/3","targetHints":{"allow":["GET"]}}],"collection":[{"href":"https:\/\/adrel.com.pl\/index.php\/wp-json\/wp\/v2\/pages"}],"about":[{"href":"https:\/\/adrel.com.pl\/index.php\/wp-json\/wp\/v2\/types\/page"}],"author":[{"embeddable":true,"href":"https:\/\/adrel.com.pl\/index.php\/wp-json\/wp\/v2\/users\/1"}],"replies":[{"embeddable":true,"href":"https:\/\/adrel.com.pl\/index.php\/wp-json\/wp\/v2\/comments?post=3"}],"version-history":[{"count":3,"href":"https:\/\/adrel.com.pl\/index.php\/wp-json\/wp\/v2\/pages\/3\/revisions"}],"predecessor-version":[{"id":293,"href":"https:\/\/adrel.com.pl\/index.php\/wp-json\/wp\/v2\/pages\/3\/revisions\/293"}],"wp:attachment":[{"href":"https:\/\/adrel.com.pl\/index.php\/wp-json\/wp\/v2\/media?parent=3"}],"curies":[{"name":"wp","href":"https:\/\/api.w.org\/{rel}","templated":true}]}}