{"id":258,"date":"2022-05-10T13:27:34","date_gmt":"2022-05-10T11:27:34","guid":{"rendered":"https:\/\/adrel.com.pl\/?page_id=258"},"modified":"2022-05-30T18:09:15","modified_gmt":"2022-05-30T16:09:15","slug":"do-pobrania","status":"publish","type":"page","link":"https:\/\/adrel.com.pl\/index.php\/do-pobrania\/","title":{"rendered":"DO POBRANIA"},"content":{"rendered":"\n<h2 class=\"wp-block-heading\">Oprogramowanie<\/h2>\n\n\n\n<ul class=\"wp-block-list\"><li><a href=\"https:\/\/adrel.com.pl\/wp-content\/uploads\/ktkrs.zip\">kart KTK-RS&nbsp;program wersja 15.05.2003<\/a><\/li><li><a href=\"https:\/\/adrel.com.pl\/wp-content\/uploads\/Alt_ProgramV8.zip\">ALT-USB program&nbsp;wersja 2010.08 (zmienna rozdzielczo\u015b\u0107 ekranu)<\/a><\/li><li><a href=\"https:\/\/adrel.com.pl\/wp-content\/uploads\/Alt_ProgramV8_800x600.zip\">ALT-USB program wersja 2010.08 dla netbooka (800 x 600)<\/a><\/li><li><a href=\"https:\/\/adrel.com.pl\/wp-content\/uploads\/Alt_ProgramV12_13.zip\">ALT-BMP program wersja 2013.09 (zmienna rozdzielczo\u015b\u0107 ekranu)<\/a><\/li><li><a href=\"https:\/\/adrel.com.pl\/wp-content\/uploads\/AltimetrBMP_V12_13.zip\">ALT-BMP program wersja 2013.12 (dla altimetr\u00f3w wyprodukowanych po 10.2013)<\/a><\/li><li><a href=\"https:\/\/adrel.com.pl\/wp-content\/uploads\/AltimetrBMP_V2016_4.zip\">ALT-BMP program wersja 2016.04 (dla altimetr\u00f3w wyprodukowanych po 10.2013 i 03.2016)<\/a><\/li><li><a href=\"http:\/\/www.adrel.com.pl\/wp-content\/uploads\/AltimetrBMP-V2017-4.zip\">ALT-BMP program wersja 2017.04 + sterowniki i instrukcje (wersja zgodna z ostatnimi przepisami EDIC-FAI, najnowsza wersja)<\/a><\/li><li><a href=\"https:\/\/adrel.com.pl\/wp-content\/uploads\/dseo13b.exe\">Program do autoryzacji sterownik\u00f3w ALT-USB dla systemu Windows Vista (dseo13b.exe)<\/a><\/li><li><a href=\"https:\/\/adrel.com.pl\/wp-content\/uploads\/Altimeter_Driver_Windows8_10.zip\">AT-USB, ALT-BMP driver dla systemu Windows 8,&nbsp;8.1, 10<\/a><\/li><li><a href=\"https:\/\/adrel.com.pl\/wp-content\/uploads\/Altimeter_Driver_Windows8_10_v2018_1.zip\">ALT-USB, ALT-BMP driver and instruction for Windows 8,&nbsp;8.1, 10 (new 2018-01)<\/a><\/li><li><a href=\"https:\/\/adrel.com.pl\/wp-content\/uploads\/AltimetrBMP_FTDI_V2018_03.zip\">Program for ALT-BMP FTDI (for Adapter FTDI) ver.2018.03 (new 2018.06)<\/a><\/li><li><a href=\"https:\/\/adrel.com.pl\/wp-content\/uploads\/Altimetr_FTDI_IGN_V1812.zip\">Program for ALT-BMP FTDI Zapalnik (for Adapter FTDI) ver.2018.03 (new 2018.06)<\/a><\/li><\/ul>\n\n\n\n<h2 class=\"wp-block-heading\">Dokumentacja: System przenoszenia program\u00f3w dla CNC<\/h2>\n\n\n\n<ul class=\"wp-block-list\"><li><a rel=\"noreferrer noopener\" href=\"https:\/\/adrel.com.pl\/wp-content\/uploads\/Adrel-Czytniki.pdf\" target=\"_blank\">Opis og\u00f3lny systemu<\/a><\/li><li><a rel=\"noreferrer noopener\" href=\"https:\/\/adrel.com.pl\/wp-content\/uploads\/CTMMC-Instrukcja.pdf\" target=\"_blank\">CT-MMC Instrukcja<\/a><\/li><li><a rel=\"noreferrer noopener\" href=\"https:\/\/adrel.com.pl\/wp-content\/uploads\/CT128-Instrukcja.pdf\" target=\"_blank\">CT-128 Instrukcja<\/a><\/li><li><a rel=\"noreferrer noopener\" href=\"https:\/\/adrel.com.pl\/wp-content\/uploads\/ICP-Instrukcja.pdf\" target=\"_blank\">ICP-x Instrukcja<\/a><\/li><\/ul>\n\n\n\n<h2 class=\"wp-block-heading\">Dokumentacja: Elektronika dla modelarstwa<\/h2>\n\n\n\n<ul class=\"wp-block-list\"><li><a rel=\"noreferrer noopener\" href=\"https:\/\/adrel.com.pl\/wp-content\/uploads\/Instrukcja%20Hamowni%20V1.2.pdf\" target=\"_blank\">Hamownia ADH-01 Instrukcja<\/a><\/li><li><a rel=\"noreferrer noopener\" href=\"https:\/\/adrel.com.pl\/wp-content\/uploads\/Alt_BMP_Instr_Pol.pdf\" target=\"_blank\">ALT-BMP Instrukcja<\/a><\/li><li><a rel=\"noreferrer noopener\" href=\"https:\/\/adrel.com.pl\/wp-content\/uploads\/ALT_USBp.pdf\" target=\"_blank\">ALT-USB Instrukcja<\/a><\/li><li><a rel=\"noreferrer noopener\" href=\"https:\/\/adrel.com.pl\/wp-content\/uploads\/ALT-LEDp.pdf\" target=\"_blank\">ALT-LED Instrukcja<\/a><\/li><li><a rel=\"noreferrer noopener\" href=\"https:\/\/adrel.com.pl\/wp-content\/uploads\/Altimetry-Opis-Ogolny.pdf\" target=\"_blank\">Altimetry &#8211; opis og\u00f3lny<\/a><\/li><li><a rel=\"noreferrer noopener\" href=\"https:\/\/adrel.com.pl\/wp-content\/uploads\/Instrukcja_montazu_altimetru.pdf\" target=\"_blank\">Instrukcja monta\u017cu altimetr\u00f3w ALT-USB i ALT-LED w rakietach klasy S1 i S5<\/a><\/li><li><a rel=\"noreferrer noopener\" href=\"https:\/\/adrel.com.pl\/wp-content\/uploads\/ALT-USB_jak_ustawiac.pdf\" target=\"_blank\">Jak prawid\u0142owo ustawia\u0107 i u\u017cywa\u0107 altimetr ALT-USB i ALT-BMP<\/a><\/li><li><a rel=\"noreferrer noopener\" href=\"https:\/\/adrel.com.pl\/wp-content\/uploads\/AP5-Instrukcja.pdf\" target=\"_blank\">AP-5 (\u0142adowarka)&nbsp;Instrukcja<\/a><\/li><li><a rel=\"noreferrer noopener\" href=\"https:\/\/adrel.com.pl\/wp-content\/uploads\/LT1-instrukcja.pdf\" target=\"_blank\">LT-1 (lokalizator modelu) Instrukcja<\/a><\/li><\/ul>\n\n\n\n<h2 class=\"wp-block-heading\">Dokumentacja: Analizator stan\u00f3w logicznych<\/h2>\n\n\n\n<ul class=\"wp-block-list\"><li><a rel=\"noreferrer noopener\" href=\"https:\/\/adrel.com.pl\/wp-content\/uploads\/LA161-Instrukcja.pdf\" target=\"_blank\">LA-161 (analizator stan\u00f3w logicznych) Instrukcja<\/a><\/li><\/ul>\n","protected":false},"excerpt":{"rendered":"<p>Oprogramowanie kart KTK-RS&nbsp;program wersja 15.05.2003 ALT-USB program&nbsp;wersja 2010.08 (zmienna rozdzielczo\u015b\u0107 ekranu) ALT-USB program wersja 2010.08 dla netbooka (800 x 600) ALT-BMP program wersja 2013.09 (zmienna rozdzielczo\u015b\u0107 ekranu) ALT-BMP program wersja 2013.12 (dla altimetr\u00f3w wyprodukowanych po 10.2013) ALT-BMP program wersja 2016.04 (dla altimetr\u00f3w wyprodukowanych po 10.2013 i 03.2016) ALT-BMP program wersja [&hellip;]<\/p>\n","protected":false},"author":1,"featured_media":0,"parent":0,"menu_order":0,"comment_status":"closed","ping_status":"closed","template":"","meta":{"footnotes":""},"class_list":["post-258","page","type-page","status-publish","hentry"],"_links":{"self":[{"href":"https:\/\/adrel.com.pl\/index.php\/wp-json\/wp\/v2\/pages\/258","targetHints":{"allow":["GET"]}}],"collection":[{"href":"https:\/\/adrel.com.pl\/index.php\/wp-json\/wp\/v2\/pages"}],"about":[{"href":"https:\/\/adrel.com.pl\/index.php\/wp-json\/wp\/v2\/types\/page"}],"author":[{"embeddable":true,"href":"https:\/\/adrel.com.pl\/index.php\/wp-json\/wp\/v2\/users\/1"}],"replies":[{"embeddable":true,"href":"https:\/\/adrel.com.pl\/index.php\/wp-json\/wp\/v2\/comments?post=258"}],"version-history":[{"count":10,"href":"https:\/\/adrel.com.pl\/index.php\/wp-json\/wp\/v2\/pages\/258\/revisions"}],"predecessor-version":[{"id":291,"href":"https:\/\/adrel.com.pl\/index.php\/wp-json\/wp\/v2\/pages\/258\/revisions\/291"}],"wp:attachment":[{"href":"https:\/\/adrel.com.pl\/index.php\/wp-json\/wp\/v2\/media?parent=258"}],"curies":[{"name":"wp","href":"https:\/\/api.w.org\/{rel}","templated":true}]}}