{"id":248,"date":"2022-05-08T12:53:29","date_gmt":"2022-05-08T10:53:29","guid":{"rendered":"https:\/\/adrel.com.pl\/?page_id=248"},"modified":"2022-05-09T11:31:55","modified_gmt":"2022-05-09T09:31:55","slug":"altimetr-bmp","status":"publish","type":"page","link":"https:\/\/adrel.com.pl\/index.php\/altimetr-bmp\/","title":{"rendered":"Altimetr BMP"},"content":{"rendered":"\n<p>Elektroniczny altimetr ALT-USB pierwszy raz by\u0142 u\u017cywany na XVIII Mistrzostwach \u015awiata Modeli Kosmicznych 2010 w Serbii. Od tego czasu jest u\u017cywany na wszystkich zawodach, pocz\u0105wszy od Mistrzostw \u015awiat po zawody lokalne.<\/p>\n\n\n\n<p>Firma ADREL posiada certyfikat Aeroklubu Polskiego, dopuszczaj\u0105cy Altimetr do pomiaru wysoko\u015bci na zawodach krajowych i mi\u0119dzynarodowych. Jest uznany przez Mi\u0119dzynarodow\u0105 Federacj\u0119 Sport\u00f3w Lotniczych (FAI) jako oficjalny i jedyny przyrz\u0105d do pomiaru wysoko\u015bci modeli rakiet we wszystkich zawodach na ca\u0142ym \u015bwiecie.<\/p>\n\n\n\n<div class=\"wp-block-columns is-layout-flex wp-container-core-columns-is-layout-9d6595d7 wp-block-columns-is-layout-flex\">\n<div class=\"wp-block-column is-layout-flow wp-block-column-is-layout-flow\">\n<figure class=\"wp-block-image size-full\"><img loading=\"lazy\" decoding=\"async\" width=\"800\" height=\"586\" src=\"https:\/\/adrel.com.pl\/wp-content\/uploads\/2022\/05\/adrel-elektronika-automatyka-przemyslowa-sterowniki-dla-przemyslu-projektowanie-wdrazanie-produkcja-Alt_BMP_Bat.jpg\" alt=\"\" class=\"wp-image-249\" srcset=\"https:\/\/adrel.com.pl\/wp-content\/uploads\/2022\/05\/adrel-elektronika-automatyka-przemyslowa-sterowniki-dla-przemyslu-projektowanie-wdrazanie-produkcja-Alt_BMP_Bat.jpg 800w, https:\/\/adrel.com.pl\/wp-content\/uploads\/2022\/05\/adrel-elektronika-automatyka-przemyslowa-sterowniki-dla-przemyslu-projektowanie-wdrazanie-produkcja-Alt_BMP_Bat-300x220.jpg 300w, https:\/\/adrel.com.pl\/wp-content\/uploads\/2022\/05\/adrel-elektronika-automatyka-przemyslowa-sterowniki-dla-przemyslu-projektowanie-wdrazanie-produkcja-Alt_BMP_Bat-768x563.jpg 768w, https:\/\/adrel.com.pl\/wp-content\/uploads\/2022\/05\/adrel-elektronika-automatyka-przemyslowa-sterowniki-dla-przemyslu-projektowanie-wdrazanie-produkcja-Alt_BMP_Bat-150x110.jpg 150w\" sizes=\"auto, (max-width: 800px) 100vw, 800px\" \/><\/figure>\n<\/div>\n\n\n\n<div class=\"wp-block-column is-layout-flow wp-block-column-is-layout-flow\">\n<p>Altimetr ALT-BMP jest now\u0105 wersj\u0105 swojego poprzednika ALT-USB. Zosta\u0142y zmniejszone wymiary oraz waga. Zosta\u0142a zastosowana wi\u0119ksza pami\u0119\u0107 pozwalaj\u0105ca na zapami\u0119tanie 8050 pomiar\u00f3w. Udoskonalono oprogramowanie kt\u00f3re eliminuje przypadkowy start pomiaru wywo\u0142any wiatrem lub nag\u0142\u0105 zmian\u0105 ci\u015bnienia (np. przy zak\u0142adaniu g\u0142owicy rakiety).<\/p>\n<\/div>\n<\/div>\n\n\n\n<div class=\"wp-block-columns is-layout-flex wp-container-core-columns-is-layout-9d6595d7 wp-block-columns-is-layout-flex\">\n<div class=\"wp-block-column is-layout-flow wp-block-column-is-layout-flow\">\n<p>Zgodnie z zaleceniami FAI, pomiar wysoko\u015bci w kategorii S1 i S5 ma by\u0107 mierzona elektronicznie za pomoc\u0105 altimetr\u00f3w. Zgodnie z tymi wytycznymi zosta\u0142 opracowany altimetr, kt\u00f3ry opr\u00f3cz pomiaru maksymalnej wysoko\u015bci, zapami\u0119tuje wyniki pomiaru z ca\u0142ego lotu. Jego parametry zosta\u0142y dostosowane do zalece\u0144 FAI. Wielko\u015b\u0107 i waga altimetru (0,6 g) pozwalaj\u0105 na jego umieszczenia we wszystkich rodzajach modeli kosmicznych. R\u00f3wnie\u017c altimetr mo\u017ce si\u0119 okaza\u0107 pomocny przy ustawianiu modelu kategorii F1B (np. dob\u00f3r \u015bmig\u0142a).<\/p>\n\n\n\n<p>ALT-BMP s\u0142u\u017cy do pomiaru wysoko\u015bci modelu i do analizy lotu. Wykrywanie startu i l\u0105dowania modelu odbywa si\u0119 automatycznie (mo\u017cna ustawia\u0107 wysoko\u015b\u0107, od kt\u00f3rej wykrywany jest start). Pomiary zostaj\u0105 zapami\u0119tane w pami\u0119ci tzw. nieulotnej, tzn. \u017ce s\u0105 pami\u0119tane po od\u0142\u0105czeniu zasilania. Cz\u0119stotliwo\u015b\u0107 pomiar\u00f3w jest ustawiana w zakresie od 20 pomiar\u00f3w na sekund\u0119 do 1 pomiaru co 2 sekund. Ka\u017cdy altimetr jest&nbsp; skalibrowany.<\/p>\n<\/div>\n\n\n\n<div class=\"wp-block-column is-layout-flow wp-block-column-is-layout-flow\">\n<figure class=\"wp-block-image size-full\"><img loading=\"lazy\" decoding=\"async\" width=\"800\" height=\"941\" src=\"https:\/\/adrel.com.pl\/wp-content\/uploads\/2022\/05\/adrel-elektronika-automatyka-przemyslowa-sterowniki-dla-przemyslu-projektowanie-wdrazanie-produkcja-altimetr-bmp-rozmiar.jpg\" alt=\"\" class=\"wp-image-250\" srcset=\"https:\/\/adrel.com.pl\/wp-content\/uploads\/2022\/05\/adrel-elektronika-automatyka-przemyslowa-sterowniki-dla-przemyslu-projektowanie-wdrazanie-produkcja-altimetr-bmp-rozmiar.jpg 800w, https:\/\/adrel.com.pl\/wp-content\/uploads\/2022\/05\/adrel-elektronika-automatyka-przemyslowa-sterowniki-dla-przemyslu-projektowanie-wdrazanie-produkcja-altimetr-bmp-rozmiar-255x300.jpg 255w, https:\/\/adrel.com.pl\/wp-content\/uploads\/2022\/05\/adrel-elektronika-automatyka-przemyslowa-sterowniki-dla-przemyslu-projektowanie-wdrazanie-produkcja-altimetr-bmp-rozmiar-768x903.jpg 768w, https:\/\/adrel.com.pl\/wp-content\/uploads\/2022\/05\/adrel-elektronika-automatyka-przemyslowa-sterowniki-dla-przemyslu-projektowanie-wdrazanie-produkcja-altimetr-bmp-rozmiar-128x150.jpg 128w\" sizes=\"auto, (max-width: 800px) 100vw, 800px\" \/><\/figure>\n<\/div>\n<\/div>\n\n\n\n<div class=\"wp-block-columns is-layout-flex wp-container-core-columns-is-layout-9d6595d7 wp-block-columns-is-layout-flex\">\n<div class=\"wp-block-column is-layout-flow wp-block-column-is-layout-flow\">\n<figure class=\"wp-block-image size-full\"><img loading=\"lazy\" decoding=\"async\" width=\"800\" height=\"626\" src=\"https:\/\/adrel.com.pl\/wp-content\/uploads\/2022\/05\/adrel-elektronika-automatyka-przemyslowa-sterowniki-dla-przemyslu-projektowanie-wdrazanie-produkcja-altimetr-bmp-wykres.jpg\" alt=\"\" class=\"wp-image-251\" srcset=\"https:\/\/adrel.com.pl\/wp-content\/uploads\/2022\/05\/adrel-elektronika-automatyka-przemyslowa-sterowniki-dla-przemyslu-projektowanie-wdrazanie-produkcja-altimetr-bmp-wykres.jpg 800w, https:\/\/adrel.com.pl\/wp-content\/uploads\/2022\/05\/adrel-elektronika-automatyka-przemyslowa-sterowniki-dla-przemyslu-projektowanie-wdrazanie-produkcja-altimetr-bmp-wykres-300x235.jpg 300w, https:\/\/adrel.com.pl\/wp-content\/uploads\/2022\/05\/adrel-elektronika-automatyka-przemyslowa-sterowniki-dla-przemyslu-projektowanie-wdrazanie-produkcja-altimetr-bmp-wykres-768x601.jpg 768w, https:\/\/adrel.com.pl\/wp-content\/uploads\/2022\/05\/adrel-elektronika-automatyka-przemyslowa-sterowniki-dla-przemyslu-projektowanie-wdrazanie-produkcja-altimetr-bmp-wykres-150x117.jpg 150w\" sizes=\"auto, (max-width: 800px) 100vw, 800px\" \/><\/figure>\n<\/div>\n\n\n\n<div class=\"wp-block-column is-layout-flow wp-block-column-is-layout-flow\">\n<p>Dla potrzeb rozgrywania zawod\u00f3w altimetr ma mo\u017cliwo\u015b\u0107 wpisywania numeru startowego zawodnika. Dodatkowo ka\u017cdy altimetr ma wpisany na sta\u0142e unikalny numer seryjny urz\u0105dzenia. Dla archiwizacji wynik\u00f3w zawod\u00f3w, pomiary mo\u017cna zapisa\u0107 w komputerze i w dowolnym momencie odtworzy\u0107. Zapisywany jest numer zawodnika, numer seryjny altimetru, maksymalna wysoko\u015b\u0107. Dzi\u0119ki temu do maksimum zostaje uproszczona rejestracja wynik\u00f3w<\/p>\n<\/div>\n<\/div>\n\n\n\n<p>Adapter-\u0142adowarka BMP s\u0142u\u017cy do po\u0142\u0105czenia Altimetru z komputerem. Za pomoc\u0105 programu, mo\u017cna odczyta\u0107 i archiwizowa\u0107 wyniki programu. Adapter ma wbudowany kompletny uk\u0142ad kontroli \u0142adowania akumulatora (pojedynczej celi Li-Pol ). Uk\u0142ad \u0142aduje akumulator pr\u0105dem ok 30 mA. Koniec \u0142adowania sygnalizowany jest za pomoc\u0105 diody LED. Jako \u017ar\u00f3d\u0142o zasilania mo\u017cna wykorzysta\u0107 komputer (z\u0142\u0105cze USB) lub dowoln\u0105 \u0142adowark\u0119 do telefon\u00f3w kom\u00f3rkowych, kt\u00f3re posiadaj\u0105 z\u0142\u0105cze USB.<\/p>\n\n\n\n<p>Zalecany akumulator:<br>Li-Pol 50 mAh, waga 2g,<br>Li-Pol 20 mAh, waga 1g (razem z przewodami).<\/p>\n\n\n\n<p>Oferujemy r\u00f3wnie\u017c Multi-\u0141adowark\u0119.<br>Pozwala ona na jednoczesne \u0142adowanie 20 akumulatr\u00f3w Li-Pol pr\u0105dem 30mA. Ka\u017cdy akumulator posiada niezale\u017cny kontroler \u0142adowania. Do zasilania multi-\u0142adowarki potrzebne jest napi\u0119cie sta\u0142e 5V\/1,2A. Multi-\u0142adowarka przydatna jest szczeg\u00f3lnie w trakcie rozgrywania zawod\u00f3w, gdzie potrzebne jest szybkie na\u0142adowanie du\u017cej ilo\u015bci akumulator\u00f3w.<\/p>\n\n\n\n<p>Parametry:<\/p>\n\n\n\n<figure class=\"wp-block-table\"><table><tbody><tr><td>Spos\u00f3b pomiaru<\/td><td>Pomiar zmian ci\u015bnienia<\/td><\/tr><tr><td>Zakres pomiaru<\/td><td>-500 &#8230; 9000 m<\/td><\/tr><tr><td>Rozdzielczo\u015b\u0107<\/td><td>0,25 m<\/td><\/tr><tr><td>Dok\u0142ado\u015b\u0107 pomiaru r\u00f3\u017cnicy wysoko\u015bci<\/td><td>0,5 %<\/td><\/tr><tr><td>Napi\u0119cie zasilania<\/td><td>3,6V do 6V<\/td><\/tr><tr><td>Cz\u0119stotliwo\u015b\u0107 pomiar\u00f3w<\/td><td>1, 2 sekund \/ pomiar<br>5, 10, 15, 20 pomiar\u00f3w \/ sekund\u0119<\/td><\/tr><tr><td>Poziom wykrywania startu<\/td><td>ustawiane w zakresie od 2m &#8211; 100m<\/td><\/tr><tr><td>Wymiary<\/td><td><strong>7,9 x 19,3 x 4,9 mm<\/strong> (razem ze z\u0142\u0105czem)<\/td><\/tr><tr><td>Waga<\/td><td><strong>0,6 grama<\/strong><\/td><\/tr><tr><td>Pob\u00f3r pr\u0105du<\/td><td>6 mA<\/td><\/tr><tr><td>Czas pracy na akumulatorach<\/td><td>LiPol 50mAh &#8211; 8 godz.<br>LiPol 20mAh &#8211; 3 godz.<\/td><\/tr><tr><td>Wielko\u015b\u0107 pami\u0119ci<\/td><td>8050 pomiar\u00f3w<\/td><\/tr><\/tbody><\/table><\/figure>\n","protected":false},"excerpt":{"rendered":"<p>Elektroniczny altimetr ALT-USB pierwszy raz by\u0142 u\u017cywany na XVIII Mistrzostwach \u015awiata Modeli Kosmicznych 2010 w Serbii. Od tego czasu jest u\u017cywany na wszystkich zawodach, pocz\u0105wszy od Mistrzostw \u015awiat po zawody lokalne. Firma ADREL posiada certyfikat Aeroklubu Polskiego, dopuszczaj\u0105cy Altimetr do pomiaru wysoko\u015bci na zawodach krajowych i mi\u0119dzynarodowych. Jest uznany przez [&hellip;]<\/p>\n","protected":false},"author":1,"featured_media":0,"parent":0,"menu_order":0,"comment_status":"closed","ping_status":"closed","template":"","meta":{"footnotes":""},"class_list":["post-248","page","type-page","status-publish","hentry"],"_links":{"self":[{"href":"https:\/\/adrel.com.pl\/index.php\/wp-json\/wp\/v2\/pages\/248","targetHints":{"allow":["GET"]}}],"collection":[{"href":"https:\/\/adrel.com.pl\/index.php\/wp-json\/wp\/v2\/pages"}],"about":[{"href":"https:\/\/adrel.com.pl\/index.php\/wp-json\/wp\/v2\/types\/page"}],"author":[{"embeddable":true,"href":"https:\/\/adrel.com.pl\/index.php\/wp-json\/wp\/v2\/users\/1"}],"replies":[{"embeddable":true,"href":"https:\/\/adrel.com.pl\/index.php\/wp-json\/wp\/v2\/comments?post=248"}],"version-history":[{"count":2,"href":"https:\/\/adrel.com.pl\/index.php\/wp-json\/wp\/v2\/pages\/248\/revisions"}],"predecessor-version":[{"id":257,"href":"https:\/\/adrel.com.pl\/index.php\/wp-json\/wp\/v2\/pages\/248\/revisions\/257"}],"wp:attachment":[{"href":"https:\/\/adrel.com.pl\/index.php\/wp-json\/wp\/v2\/media?parent=248"}],"curies":[{"name":"wp","href":"https:\/\/api.w.org\/{rel}","templated":true}]}}