{"id":242,"date":"2022-05-08T12:42:43","date_gmt":"2022-05-08T10:42:43","guid":{"rendered":"https:\/\/adrel.com.pl\/?page_id=242"},"modified":"2022-05-23T16:22:18","modified_gmt":"2022-05-23T14:22:18","slug":"elektronika-modelarska","status":"publish","type":"page","link":"https:\/\/adrel.com.pl\/index.php\/elektronika-modelarska\/","title":{"rendered":"Elektronika modelarska"},"content":{"rendered":"\n<p>Nowoczesna elektronika ma r\u00f3wnie\u017c zastosowanie w modelarstwie lotniczym. Jako fani tej dziedziny sportu zaprojektowali\u015bmy i produkujemy szereg urz\u0105dze\u0144 wspomagaj\u0105cych ten sport. R\u00f3\u017cnego rodzaje urz\u0105dzenia pomiarowe lub sterowniki s\u0105 u\u017cywane na ca\u0142ym \u015bwiecie przez zawodnik\u00f3w i fan\u00f3w sportu modelarskiego. Sprzedali\u015bmy kilkaset sztuk r\u00f3\u017cnego rodzaju elektronicznych urz\u0105dze\u0144<\/p>\n\n\n\n<hr class=\"wp-block-separator\"\/>\n\n\n\n<h2 class=\"has-text-align-center wp-block-heading\">Altimetry<\/h2>\n\n\n\n<div class=\"wp-block-columns is-layout-flex wp-container-core-columns-is-layout-9d6595d7 wp-block-columns-is-layout-flex\">\n<div class=\"wp-block-column is-layout-flow wp-block-column-is-layout-flow\">\n<p>G\u0142\u00f3wnym produktem jest altimetr \u2013 male\u0144ki przyrz\u0105d (0,6 grama) umo\u017cliwiaj\u0105cy pomiar i rejestracj\u0119 wysoko\u015bci lotu modeli rakiet. W 2009 roku wygrali\u015bmy mi\u0119dzynarodowy przetarg organizowany przez Mi\u0119dzynarodow\u0105 Federacj\u0119 Sport\u00f3w Lotniczych (FAI) na dostarczanie systemu do pomiaru wysoko\u015bci modeli lataj\u0105cych. Od roku 2010 wszyscy organizatorzy zawod\u00f3w modelarskich rozgrywanych na \u015bwiecie (od Mistrzostw \u015awiat Modeli Kosmicznych po zawody regionalne) musz\u0105 u\u017cywa\u0107 produkowanych przez nas altimetr\u00f3w. Altimetr po pod\u0142\u0105czeniu do komputera przekazuje pomiary i za pomoc\u0105 specjalnego oprogramowania mo\u017cna odczyta\u0107 pomiary w formie liczbowej jak i za pomoc\u0105 wykresu.<\/p>\n\n\n\n<p><a href=\"https:\/\/adrel.com.pl\/index.php\/altimetr-bmp\/\" data-type=\"page\" data-id=\"248\">Wi\u0119cej\u2026<\/a><\/p>\n<\/div>\n\n\n\n<div class=\"wp-block-column is-layout-flow wp-block-column-is-layout-flow\">\n<figure class=\"wp-block-image size-full\"><img loading=\"lazy\" decoding=\"async\" width=\"800\" height=\"733\" src=\"https:\/\/adrel.com.pl\/wp-content\/uploads\/2022\/05\/adrel-elektronika-automatyka-przemyslowa-sterowniki-dla-przemyslu-projektowanie-wdrazanie-produkcja-ALT-BMP-na-tle-rakiety-i-wykresu.jpg\" alt=\"\" class=\"wp-image-243\" srcset=\"https:\/\/adrel.com.pl\/wp-content\/uploads\/2022\/05\/adrel-elektronika-automatyka-przemyslowa-sterowniki-dla-przemyslu-projektowanie-wdrazanie-produkcja-ALT-BMP-na-tle-rakiety-i-wykresu.jpg 800w, https:\/\/adrel.com.pl\/wp-content\/uploads\/2022\/05\/adrel-elektronika-automatyka-przemyslowa-sterowniki-dla-przemyslu-projektowanie-wdrazanie-produkcja-ALT-BMP-na-tle-rakiety-i-wykresu-300x275.jpg 300w, https:\/\/adrel.com.pl\/wp-content\/uploads\/2022\/05\/adrel-elektronika-automatyka-przemyslowa-sterowniki-dla-przemyslu-projektowanie-wdrazanie-produkcja-ALT-BMP-na-tle-rakiety-i-wykresu-768x704.jpg 768w, https:\/\/adrel.com.pl\/wp-content\/uploads\/2022\/05\/adrel-elektronika-automatyka-przemyslowa-sterowniki-dla-przemyslu-projektowanie-wdrazanie-produkcja-ALT-BMP-na-tle-rakiety-i-wykresu-150x137.jpg 150w\" sizes=\"auto, (max-width: 800px) 100vw, 800px\" \/><\/figure>\n<\/div>\n<\/div>\n\n\n\n<hr class=\"wp-block-separator\"\/>\n\n\n\n<h2 class=\"has-text-align-center wp-block-heading\">Sterowniki do rakiet S7<\/h2>\n\n\n\n<div class=\"wp-block-columns is-layout-flex wp-container-core-columns-is-layout-9d6595d7 wp-block-columns-is-layout-flex\">\n<div class=\"wp-block-column is-layout-flow wp-block-column-is-layout-flow\">\n<p>Kolejnym oferowanym wyrobem jest mikroprocesorowy sterownik kontroluj\u0105cy odpalanie poszczeg\u00f3lnych cz\u0142on\u00f3w modeli rakiet. Jest to programowalny uk\u0142ad elektroniczny za pomoc\u0105 kt\u00f3rego mo\u017cemy ustawi\u0107 i kontrolowa\u0107 sekwencj\u0119 odpalania cz\u0142on\u00f3w modeli rakiet. Zawodnicy u\u017cywaj\u0105cy to urz\u0105dzenie zdobywaj\u0105 medale na Mistrzostwach \u015awiat i Europy. Programator wyposa\u017cony jest w graficzny ekran LCD pozwalaj\u0105cy na kontrol\u0119 i programowanie sterownika umieszczonego w modelu rakiety.<\/p>\n\n\n\n<p><a href=\"https:\/\/adrel.com.pl\/index.php\/kontroler-i-programator-do-sekwencyjnego-odpalania-zapalnikow-w-modelach-rakiet-klasy-s7\/\" data-type=\"page\" data-id=\"236\">Wi\u0119cej\u2026<\/a><\/p>\n<\/div>\n\n\n\n<div class=\"wp-block-column is-layout-flow wp-block-column-is-layout-flow\">\n<figure class=\"wp-block-image size-full\"><img loading=\"lazy\" decoding=\"async\" width=\"800\" height=\"966\" src=\"https:\/\/adrel.com.pl\/wp-content\/uploads\/2022\/05\/adrel-elektronika-automatyka-przemyslowa-sterowniki-dla-przemyslu-projektowanie-wdrazanie-produkcja-S7_fot_index_oryg-1.jpg\" alt=\"\" class=\"wp-image-244\" srcset=\"https:\/\/adrel.com.pl\/wp-content\/uploads\/2022\/05\/adrel-elektronika-automatyka-przemyslowa-sterowniki-dla-przemyslu-projektowanie-wdrazanie-produkcja-S7_fot_index_oryg-1.jpg 800w, https:\/\/adrel.com.pl\/wp-content\/uploads\/2022\/05\/adrel-elektronika-automatyka-przemyslowa-sterowniki-dla-przemyslu-projektowanie-wdrazanie-produkcja-S7_fot_index_oryg-1-248x300.jpg 248w, https:\/\/adrel.com.pl\/wp-content\/uploads\/2022\/05\/adrel-elektronika-automatyka-przemyslowa-sterowniki-dla-przemyslu-projektowanie-wdrazanie-produkcja-S7_fot_index_oryg-1-768x927.jpg 768w, https:\/\/adrel.com.pl\/wp-content\/uploads\/2022\/05\/adrel-elektronika-automatyka-przemyslowa-sterowniki-dla-przemyslu-projektowanie-wdrazanie-produkcja-S7_fot_index_oryg-1-124x150.jpg 124w\" sizes=\"auto, (max-width: 800px) 100vw, 800px\" \/><\/figure>\n<\/div>\n<\/div>\n\n\n\n<hr class=\"wp-block-separator\"\/>\n\n\n\n<h2 class=\"has-text-align-center wp-block-heading\">Hamownia modelarska<\/h2>\n\n\n\n<div class=\"wp-block-columns is-layout-flex wp-container-core-columns-is-layout-9d6595d7 wp-block-columns-is-layout-flex\">\n<div class=\"wp-block-column is-layout-flow wp-block-column-is-layout-flow\">\n<p>Modele rakiet nap\u0119dzane s\u0105 silnikami na paliwo sta\u0142e. Regulamin zawod\u00f3w wymaga aby te silniki mia\u0142y \u015bci\u015ble okre\u015blony ci\u0105g. Do pomiaru si\u0142y ci\u0105gu silnik\u00f3w rakietowych opracowali\u015bmy hamowni\u0119 modelarsk\u0105. Jest ona samodzielnym urz\u0105dzeniem mikroprocesorowym wyposa\u017conym w dotykowy ekran graficzny. Na ekranie wy\u015bwietlane s\u0105 pomiary w formie liczbowej jak i za pomoc\u0105 wykresu. Wymienne belki tensometryczne pozwalaj\u0105 na dok\u0142adny pomiar w r\u00f3\u017cnych zakresach si\u0142. Hamownia posiada w\u0142asn\u0105 pami\u0119\u0107 gdzie mo\u017cna przechowywa\u0107 setki pomiar\u00f3w. Po pod\u0142\u0105czeniu do komputera mo\u017cna przes\u0142a\u0107 zarejestrowane pomiary i wy\u015bwietli\u0107 na ekranie komputera.<\/p>\n<\/div>\n\n\n\n<div class=\"wp-block-column is-layout-flow wp-block-column-is-layout-flow\">\n<figure class=\"wp-block-image size-full\"><img loading=\"lazy\" decoding=\"async\" width=\"800\" height=\"812\" src=\"https:\/\/adrel.com.pl\/wp-content\/uploads\/2022\/05\/adrel-elektronika-automatyka-przemyslowa-sterowniki-dla-przemyslu-projektowanie-wdrazanie-produkcja-Ham_Rak.jpg\" alt=\"\" class=\"wp-image-245\" srcset=\"https:\/\/adrel.com.pl\/wp-content\/uploads\/2022\/05\/adrel-elektronika-automatyka-przemyslowa-sterowniki-dla-przemyslu-projektowanie-wdrazanie-produkcja-Ham_Rak.jpg 800w, https:\/\/adrel.com.pl\/wp-content\/uploads\/2022\/05\/adrel-elektronika-automatyka-przemyslowa-sterowniki-dla-przemyslu-projektowanie-wdrazanie-produkcja-Ham_Rak-296x300.jpg 296w, https:\/\/adrel.com.pl\/wp-content\/uploads\/2022\/05\/adrel-elektronika-automatyka-przemyslowa-sterowniki-dla-przemyslu-projektowanie-wdrazanie-produkcja-Ham_Rak-768x780.jpg 768w, https:\/\/adrel.com.pl\/wp-content\/uploads\/2022\/05\/adrel-elektronika-automatyka-przemyslowa-sterowniki-dla-przemyslu-projektowanie-wdrazanie-produkcja-Ham_Rak-148x150.jpg 148w\" sizes=\"auto, (max-width: 800px) 100vw, 800px\" \/><\/figure>\n<\/div>\n<\/div>\n\n\n\n<hr class=\"wp-block-separator\"\/>\n\n\n\n<h2 class=\"has-text-align-center wp-block-heading\">\u0141adowarka akumulator\u00f3w<\/h2>\n\n\n\n<div class=\"wp-block-columns is-layout-flex wp-container-core-columns-is-layout-9d6595d7 wp-block-columns-is-layout-flex\">\n<div class=\"wp-block-column is-layout-flow wp-block-column-is-layout-flow\">\n<p>Wraz z pojawieniem si\u0119 akumulator\u00f3w Li-Pol pojawi\u0142 si\u0119 problem braku odpowiednich \u0142adowarek. Wychodz\u0105c naprzeciwko zapotrzebowaniom opracowali\u015bmy i wdro\u017cyli\u015bmy do produkcji nowoczesn\u0105 (jak na tamte czasy) mikroprocesorow\u0105 \u0142adowark\u0119 kt\u00f3ra pozwala\u0142a \u0142adowa\u0107 wszystkie rodzaje akumulator\u00f3w dost\u0119pne na rynku. \u0141adowarka posiada specjaln\u0105 funkcj\u0119 regeneracji wzorowan\u0105 na algorytmie stosowan\u0105 przez NASA w sondach kosmicznych. Jak si\u0119 okaza\u0142o, za pomoc\u0105 tej \u0142adowarki mo\u017cna &#8222;o\u017cywia\u0107&#8221; akumulatory przeznaczone do utylizacji.<\/p>\n<\/div>\n\n\n\n<div class=\"wp-block-column is-layout-flow wp-block-column-is-layout-flow\">\n<figure class=\"wp-block-image size-full\"><img loading=\"lazy\" decoding=\"async\" width=\"800\" height=\"532\" src=\"https:\/\/adrel.com.pl\/wp-content\/uploads\/2022\/05\/adrel-elektronika-automatyka-przemyslowa-sterowniki-dla-przemyslu-projektowanie-wdrazanie-produkcja-Ap-5_baterie.jpg\" alt=\"\" class=\"wp-image-246\" srcset=\"https:\/\/adrel.com.pl\/wp-content\/uploads\/2022\/05\/adrel-elektronika-automatyka-przemyslowa-sterowniki-dla-przemyslu-projektowanie-wdrazanie-produkcja-Ap-5_baterie.jpg 800w, https:\/\/adrel.com.pl\/wp-content\/uploads\/2022\/05\/adrel-elektronika-automatyka-przemyslowa-sterowniki-dla-przemyslu-projektowanie-wdrazanie-produkcja-Ap-5_baterie-300x200.jpg 300w, https:\/\/adrel.com.pl\/wp-content\/uploads\/2022\/05\/adrel-elektronika-automatyka-przemyslowa-sterowniki-dla-przemyslu-projektowanie-wdrazanie-produkcja-Ap-5_baterie-768x511.jpg 768w, https:\/\/adrel.com.pl\/wp-content\/uploads\/2022\/05\/adrel-elektronika-automatyka-przemyslowa-sterowniki-dla-przemyslu-projektowanie-wdrazanie-produkcja-Ap-5_baterie-150x100.jpg 150w\" sizes=\"auto, (max-width: 800px) 100vw, 800px\" \/><\/figure>\n<\/div>\n<\/div>\n","protected":false},"excerpt":{"rendered":"<p>Nowoczesna elektronika ma r\u00f3wnie\u017c zastosowanie w modelarstwie lotniczym. Jako fani tej dziedziny sportu zaprojektowali\u015bmy i produkujemy szereg urz\u0105dze\u0144 wspomagaj\u0105cych ten sport. R\u00f3\u017cnego rodzaje urz\u0105dzenia pomiarowe lub sterowniki s\u0105 u\u017cywane na ca\u0142ym \u015bwiecie przez zawodnik\u00f3w i fan\u00f3w sportu modelarskiego. Sprzedali\u015bmy kilkaset sztuk r\u00f3\u017cnego rodzaju elektronicznych urz\u0105dze\u0144 Altimetry G\u0142\u00f3wnym produktem jest altimetr [&hellip;]<\/p>\n","protected":false},"author":1,"featured_media":0,"parent":0,"menu_order":0,"comment_status":"closed","ping_status":"closed","template":"","meta":{"footnotes":""},"class_list":["post-242","page","type-page","status-publish","hentry"],"_links":{"self":[{"href":"https:\/\/adrel.com.pl\/index.php\/wp-json\/wp\/v2\/pages\/242","targetHints":{"allow":["GET"]}}],"collection":[{"href":"https:\/\/adrel.com.pl\/index.php\/wp-json\/wp\/v2\/pages"}],"about":[{"href":"https:\/\/adrel.com.pl\/index.php\/wp-json\/wp\/v2\/types\/page"}],"author":[{"embeddable":true,"href":"https:\/\/adrel.com.pl\/index.php\/wp-json\/wp\/v2\/users\/1"}],"replies":[{"embeddable":true,"href":"https:\/\/adrel.com.pl\/index.php\/wp-json\/wp\/v2\/comments?post=242"}],"version-history":[{"count":4,"href":"https:\/\/adrel.com.pl\/index.php\/wp-json\/wp\/v2\/pages\/242\/revisions"}],"predecessor-version":[{"id":271,"href":"https:\/\/adrel.com.pl\/index.php\/wp-json\/wp\/v2\/pages\/242\/revisions\/271"}],"wp:attachment":[{"href":"https:\/\/adrel.com.pl\/index.php\/wp-json\/wp\/v2\/media?parent=242"}],"curies":[{"name":"wp","href":"https:\/\/api.w.org\/{rel}","templated":true}]}}