{"id":236,"date":"2022-05-08T12:33:50","date_gmt":"2022-05-08T10:33:50","guid":{"rendered":"https:\/\/adrel.com.pl\/?page_id=236"},"modified":"2022-05-08T12:36:28","modified_gmt":"2022-05-08T10:36:28","slug":"kontroler-i-programator-do-sekwencyjnego-odpalania-zapalnikow-w-modelach-rakiet-klasy-s7","status":"publish","type":"page","link":"https:\/\/adrel.com.pl\/index.php\/kontroler-i-programator-do-sekwencyjnego-odpalania-zapalnikow-w-modelach-rakiet-klasy-s7\/","title":{"rendered":"Kontroler i programator do sekwencyjnego odpalania zapalnik\u00f3w w modelach rakiet klasy S7"},"content":{"rendered":"\n<div class=\"wp-block-columns is-layout-flex wp-container-core-columns-is-layout-9d6595d7 wp-block-columns-is-layout-flex\">\n<div class=\"wp-block-column is-layout-flow wp-block-column-is-layout-flow\" style=\"flex-basis:50%\">\n<figure class=\"wp-block-image size-full\"><img loading=\"lazy\" decoding=\"async\" width=\"800\" height=\"966\" src=\"https:\/\/adrel.com.pl\/wp-content\/uploads\/2022\/05\/adrel-elektronika-automatyka-przemyslowa-sterowniki-dla-przemyslu-projektowanie-wdrazanie-produkcja-S7_fot_index_oryg.jpg\" alt=\"\" class=\"wp-image-237\" srcset=\"https:\/\/adrel.com.pl\/wp-content\/uploads\/2022\/05\/adrel-elektronika-automatyka-przemyslowa-sterowniki-dla-przemyslu-projektowanie-wdrazanie-produkcja-S7_fot_index_oryg.jpg 800w, https:\/\/adrel.com.pl\/wp-content\/uploads\/2022\/05\/adrel-elektronika-automatyka-przemyslowa-sterowniki-dla-przemyslu-projektowanie-wdrazanie-produkcja-S7_fot_index_oryg-248x300.jpg 248w, https:\/\/adrel.com.pl\/wp-content\/uploads\/2022\/05\/adrel-elektronika-automatyka-przemyslowa-sterowniki-dla-przemyslu-projektowanie-wdrazanie-produkcja-S7_fot_index_oryg-768x927.jpg 768w, https:\/\/adrel.com.pl\/wp-content\/uploads\/2022\/05\/adrel-elektronika-automatyka-przemyslowa-sterowniki-dla-przemyslu-projektowanie-wdrazanie-produkcja-S7_fot_index_oryg-124x150.jpg 124w\" sizes=\"auto, (max-width: 800px) 100vw, 800px\" \/><\/figure>\n<\/div>\n\n\n\n<div class=\"wp-block-column is-layout-flow wp-block-column-is-layout-flow\" style=\"flex-basis:50%\">\n<p>Sterownik jest w pe\u0142ni programowalny. Mo\u017cliwe jest ustawienie sekwencji czas\u00f3w odpale\u0144 poszczeg\u00f3lnych zapalnik\u00f3w, czas trwania odpalenia, kontrola prawid\u0142owo\u015bci pod\u0142\u0105czenia zapalnika i kontrola samego zapalnika.\u00a0 Kontroler posiada podw\u00f3jne \u201euzbrojenie\u201d, co zabezpiecza przed przypadkowym odpaleniem silnik\u00f3w. W trakcie trwania sekwencji odpale\u0144 silnik\u00f3w, mo\u017cliwa jest kontrola przepalenia zapalnika i zablokowanie kolejnych odpale\u0144, je\u015bli zapalnik nie zosta\u0142 przepalony. Kontroler posiada zabezpieczenia przeciwzwarciowe. Posiada r\u00f3wnie\u017c diody LED sygnalizuj\u0105ce stan kontrolera oraz stan \u0142adowania baterii. Wbudowano r\u00f3wnie\u017c \u0142adowark\u0119 dla akumulatora Li-Pol, co pozwala na \u0142adowanie akumulatora u\u017cywanego w rakiecie.<\/p>\n\n\n\n<p>W roku 2012\u00a0 opracowa\u0142em i wdro\u017cy\u0142em do produkcji mikroprocesorowy sterownik do sekwencyjnego odpalania silnik\u00f3w (max 7) stosowany w modelach rakiet S7. Sterownik u\u017cywany jest przez zawodnik\u00f3w polskiej dru\u017cyny narodowej \u2013 mi\u0119dzy innymi na Mistrzostwach Europy w Rumunii. Jest u\u017cywany przez modelarzy od wielu lat i wykonano ju\u017c kilkadziesi\u0105t start\u00f3w rakiet S7 z tym sterownikiem i zdoby\u0142 on uznanie polskich modelarzy. Obecnie oferuj\u0119 ten sterownik dla modelarzy z ca\u0142ego \u015bwiata.<\/p>\n<\/div>\n<\/div>\n\n\n\n<p>Do stawiania parametr\u00f3w u\u017cywany jest programator z kolorowym wy\u015bwietlaczem graficznym oraz manipulatorem obrotowo-przyciskowym. Przejrzyste menu oraz jednoczesne pokazanie stanu wszystkich zapalnik\u00f3w na ekranie (czasy, kontrola zapalnik\u00f3w, kontrola odpale\u0144 itp.) pozwala w \u0142atwy i szybki spos\u00f3b zaprogramowa\u0107 sekwencj\u0119 startow\u0105 dla modeli rakiet S7. Programator \u0142\u0105czy si\u0119 ze sterownikiem za pomoc\u0105 przewodu 3-\u017cy\u0142owego.\u00a0 Posiada menu w j\u0119zyku polskim i angielskim.<\/p>\n\n\n\n<p><strong><u>Kontroler<\/u><\/strong><\/p>\n\n\n\n<ul class=\"wp-block-list\"><li>Liczba detonator\u00f3w: 7<\/li><li>Maksymalny pr\u0105d zapalnika: dla 3,8V \u2013 1,7A<\/li><li>Ustawianie czas\u00f3w detonatora (kroki co 0,1 sekundy)<\/li><li>Kontrola detonator\u00f3w<\/li><li>\u0141adowarka akumulator\u00f3w<\/li><li>Napi\u0119cie DC: 2,5V \u2013 5,5V, pob\u00f3r pr\u0105du: 3,7mA \u2013 7,8mA<\/li><li>Pr\u0105d \u0142adowarki 200mA<\/li><li>Wska\u017aniki diodowe LED<\/li><li>podw\u00f3jne \u201euzbrojenie\u201d<\/li><\/ul>\n\n\n\n<p>zawiera: kontroler, 2 x z\u0142\u0105cze (22 pin, 6 pin), 2 x LED (baterie nie s\u0105 do\u0142\u0105czone)<br><br><strong><u>Programator<\/u><\/strong><\/p>\n\n\n\n<ul class=\"wp-block-list\"><li>Wy\u015bwietlacz graficzny, kolorowy<\/li><li>Manipulator obrotowy do poruszania si\u0119 po menu<\/li><li>Z\u0142\u0105cze przewodu programuj\u0105cego<\/li><li>Wy\u015bwietlanie stan baterii<\/li><li>Test detonator\u00f3w<\/li><li>Menu w j\u0119zyku angielskim i polskim<\/li><li>Zasilanie: bateria 9V (50 godzin ci\u0105g\u0142ej pracy)<\/li><li>Tryb oszcz\u0119dzania energii<\/li><\/ul>\n\n\n\n<p>w zestawie : programator, kabel z wtyczk\u0105 jack do po\u0142\u0105czenia z kontrolerem (brak baterii w zestawie)<\/p>\n","protected":false},"excerpt":{"rendered":"<p>Sterownik jest w pe\u0142ni programowalny. Mo\u017cliwe jest ustawienie sekwencji czas\u00f3w odpale\u0144 poszczeg\u00f3lnych zapalnik\u00f3w, czas trwania odpalenia, kontrola prawid\u0142owo\u015bci pod\u0142\u0105czenia zapalnika i kontrola samego zapalnika.\u00a0 Kontroler posiada podw\u00f3jne \u201euzbrojenie\u201d, co zabezpiecza przed przypadkowym odpaleniem silnik\u00f3w. W trakcie trwania sekwencji odpale\u0144 silnik\u00f3w, mo\u017cliwa jest kontrola przepalenia zapalnika i zablokowanie kolejnych odpale\u0144, je\u015bli [&hellip;]<\/p>\n","protected":false},"author":1,"featured_media":0,"parent":0,"menu_order":0,"comment_status":"closed","ping_status":"closed","template":"","meta":{"footnotes":""},"class_list":["post-236","page","type-page","status-publish","hentry"],"_links":{"self":[{"href":"https:\/\/adrel.com.pl\/index.php\/wp-json\/wp\/v2\/pages\/236","targetHints":{"allow":["GET"]}}],"collection":[{"href":"https:\/\/adrel.com.pl\/index.php\/wp-json\/wp\/v2\/pages"}],"about":[{"href":"https:\/\/adrel.com.pl\/index.php\/wp-json\/wp\/v2\/types\/page"}],"author":[{"embeddable":true,"href":"https:\/\/adrel.com.pl\/index.php\/wp-json\/wp\/v2\/users\/1"}],"replies":[{"embeddable":true,"href":"https:\/\/adrel.com.pl\/index.php\/wp-json\/wp\/v2\/comments?post=236"}],"version-history":[{"count":2,"href":"https:\/\/adrel.com.pl\/index.php\/wp-json\/wp\/v2\/pages\/236\/revisions"}],"predecessor-version":[{"id":240,"href":"https:\/\/adrel.com.pl\/index.php\/wp-json\/wp\/v2\/pages\/236\/revisions\/240"}],"wp:attachment":[{"href":"https:\/\/adrel.com.pl\/index.php\/wp-json\/wp\/v2\/media?parent=236"}],"curies":[{"name":"wp","href":"https:\/\/api.w.org\/{rel}","templated":true}]}}