{"id":226,"date":"2022-05-08T12:27:48","date_gmt":"2022-05-08T10:27:48","guid":{"rendered":"https:\/\/adrel.com.pl\/?page_id=226"},"modified":"2022-05-30T19:18:47","modified_gmt":"2022-05-30T17:18:47","slug":"system-dla-obrabiarek-cnc-sterowanych-numerycznie","status":"publish","type":"page","link":"https:\/\/adrel.com.pl\/index.php\/system-dla-obrabiarek-cnc-sterowanych-numerycznie\/","title":{"rendered":"System dla obrabiarek CNC \u2013 sterowanych numerycznie"},"content":{"rendered":"\n<p>Oferowany przez firm\u0119 ADREL zestaw urz\u0105dze\u0144 do przenoszenia i poprawiania program\u00f3w dla Obrabiarek Sterowanych Numerycznie (OSN lub CNC) zosta\u0142 opracowany i wprowadzony do produkcji&nbsp; 1991 roku. Zosta\u0142 sprzedany w ilo\u015bci ponad 2500 egzemplarzy do ponad 750 przedsi\u0119biorstw. Obecnie nie jest ju\u017c produkowany. Urz\u0105dzenia do dzisiaj s\u0105 u\u017cywane w przemy\u015ble (od ponad 30 lat) i nadal oferujemy serwis dla tych urz\u0105dze\u0144.<\/p>\n\n\n\n<p>System eliminuje tradycyjne no\u015bniki danych (ta\u015bmy papierowe) i przestarza\u0142e, mechaniczne czytniki oraz perforatory ta\u015bmy. Od maja 2003 wprowadzono nowy czytnik CT-MMC (zamiast CT-128) obs\u0142uguj\u0105cy dyski o pojemno\u015bci 512Mb do 2 Gb.<\/p>\n\n\n\n<div class=\"wp-block-columns is-layout-flex wp-container-core-columns-is-layout-9d6595d7 wp-block-columns-is-layout-flex\">\n<div class=\"wp-block-column is-layout-flow wp-block-column-is-layout-flow\">\n<figure class=\"wp-block-image size-full\"><img loading=\"lazy\" decoding=\"async\" width=\"800\" height=\"438\" src=\"https:\/\/adrel.com.pl\/wp-content\/uploads\/2022\/05\/adrel-elektronika-automatyka-przemyslowa-sterowniki-dla-przemyslu-projektowanie-wdrazanie-produkcja-ICP_diagramy.jpg\" alt=\"\" class=\"wp-image-228\" srcset=\"https:\/\/adrel.com.pl\/wp-content\/uploads\/2022\/05\/adrel-elektronika-automatyka-przemyslowa-sterowniki-dla-przemyslu-projektowanie-wdrazanie-produkcja-ICP_diagramy.jpg 800w, https:\/\/adrel.com.pl\/wp-content\/uploads\/2022\/05\/adrel-elektronika-automatyka-przemyslowa-sterowniki-dla-przemyslu-projektowanie-wdrazanie-produkcja-ICP_diagramy-300x164.jpg 300w, https:\/\/adrel.com.pl\/wp-content\/uploads\/2022\/05\/adrel-elektronika-automatyka-przemyslowa-sterowniki-dla-przemyslu-projektowanie-wdrazanie-produkcja-ICP_diagramy-768x420.jpg 768w, https:\/\/adrel.com.pl\/wp-content\/uploads\/2022\/05\/adrel-elektronika-automatyka-przemyslowa-sterowniki-dla-przemyslu-projektowanie-wdrazanie-produkcja-ICP_diagramy-150x82.jpg 150w\" sizes=\"auto, (max-width: 800px) 100vw, 800px\" \/><\/figure>\n<\/div>\n\n\n\n<div class=\"wp-block-column is-layout-flow wp-block-column-is-layout-flow\">\n<p>Oferowany zestaw wprowadza jednolity system przekazywania program\u00f3w dla OSN. Jednocze\u015bnie daje mo\u017cliwo\u015b\u0107 poprawiania lub pisania programu bezpo\u015brednio za pomoc\u0105 klawiatury elektronicznego &#8222;czytnika&#8221;, co znacznie skraca czas wdra\u017cania nowych program\u00f3w oraz podnosi komfort obs\u0142ugi oraz efektywno\u015b\u0107 pracy. Elementy systemu nie zawieraj\u0105 \u017cadnych cz\u0119\u015bci mechanicznych, s\u0105 niezawodne, nie ulegaj\u0105 zu\u017cyciu, nie wymagaj\u0105 konserwacji ani przegl\u0105d\u00f3w okresowych. Zbudowane s\u0105 w oparciu o nowoczesne technologie elektroniki procesorowej.<\/p>\n<\/div>\n<\/div>\n\n\n\n<div class=\"wp-block-columns is-layout-flex wp-container-core-columns-is-layout-9d6595d7 wp-block-columns-is-layout-flex\">\n<div class=\"wp-block-column is-layout-flow wp-block-column-is-layout-flow\">\n<p>G\u0142\u00f3wnym elementem systemu s\u0105 czytniki elektroniczne CT-MMC lub ICP-x. Ich zadaniem jest przekazywanie program\u00f3w do\/z obrabiarki. S\u0105 one pod\u0142\u0105czane bezpo\u015brednio do systemu obrabiarki zamiast czytnika ta\u015bmy. Symuluj\u0105 dotychczasowy czytnik ta\u015bmy papierowej. Programy do pami\u0119ci czytnika mo\u017cna wprowadza\u0107 z dysku MMC lub SD (tylko czytnik CT-MMC), z modu\u0142u MP lub MPB, z ta\u015bmy papierowej (poprzez czytnik ta\u015bmy), ze z\u0142\u0105cza RS-232, z systemu sterowania (przy pod\u0142\u0105czeniu CT-MMC lub ICP-x jako perforatora) lub bezpo\u015brednio z klawiatury. Programy zapisane w pami\u0119ci pami\u0119tane s\u0105 po wy\u0142\u0105czeniu zasilania. Do pami\u0119ci mo\u017cna wpisa\u0107 kilkadziesi\u0105t program\u00f3w. Oferowane czytniki s\u0105 urz\u0105dzeniami mikroprocesorowymi, wyposa\u017conym w pami\u0119\u0107 p\u00f3\u0142przewodnikow\u0105.. Dodatkowo, pami\u0119\u0107 czytnika mo\u017cna rozszerza\u0107 poprzez przy\u0142\u0105czenie modu\u0142u pami\u0119ci MP-x lub MPB-x.<\/p>\n<\/div>\n\n\n\n<div class=\"wp-block-column is-layout-flow wp-block-column-is-layout-flow\">\n<figure class=\"wp-block-image size-full\"><img loading=\"lazy\" decoding=\"async\" width=\"800\" height=\"596\" src=\"https:\/\/adrel.com.pl\/wp-content\/uploads\/2022\/05\/adrel-elektronika-automatyka-przemyslowa-sterowniki-dla-przemyslu-projektowanie-wdrazanie-produkcja-CTICP_CNC.jpg\" alt=\"\" class=\"wp-image-229\" srcset=\"https:\/\/adrel.com.pl\/wp-content\/uploads\/2022\/05\/adrel-elektronika-automatyka-przemyslowa-sterowniki-dla-przemyslu-projektowanie-wdrazanie-produkcja-CTICP_CNC.jpg 800w, https:\/\/adrel.com.pl\/wp-content\/uploads\/2022\/05\/adrel-elektronika-automatyka-przemyslowa-sterowniki-dla-przemyslu-projektowanie-wdrazanie-produkcja-CTICP_CNC-300x224.jpg 300w, https:\/\/adrel.com.pl\/wp-content\/uploads\/2022\/05\/adrel-elektronika-automatyka-przemyslowa-sterowniki-dla-przemyslu-projektowanie-wdrazanie-produkcja-CTICP_CNC-768x572.jpg 768w, https:\/\/adrel.com.pl\/wp-content\/uploads\/2022\/05\/adrel-elektronika-automatyka-przemyslowa-sterowniki-dla-przemyslu-projektowanie-wdrazanie-produkcja-CTICP_CNC-150x112.jpg 150w\" sizes=\"auto, (max-width: 800px) 100vw, 800px\" \/><\/figure>\n<\/div>\n<\/div>\n\n\n\n<div class=\"wp-block-columns is-layout-flex wp-container-core-columns-is-layout-9d6595d7 wp-block-columns-is-layout-flex\">\n<div class=\"wp-block-column is-layout-flow wp-block-column-is-layout-flow\"><div class=\"wp-block-image\">\n<figure class=\"aligncenter size-full is-resized\"><img loading=\"lazy\" decoding=\"async\" src=\"https:\/\/adrel.com.pl\/wp-content\/uploads\/2022\/05\/adrel-elektronika-automatyka-przemyslowa-sterowniki-dla-przemyslu-projektowanie-wdrazanie-produkcja-kartaSD.jpg\" alt=\"\" class=\"wp-image-230\" width=\"200\" height=\"201\" srcset=\"https:\/\/adrel.com.pl\/wp-content\/uploads\/2022\/05\/adrel-elektronika-automatyka-przemyslowa-sterowniki-dla-przemyslu-projektowanie-wdrazanie-produkcja-kartaSD.jpg 800w, https:\/\/adrel.com.pl\/wp-content\/uploads\/2022\/05\/adrel-elektronika-automatyka-przemyslowa-sterowniki-dla-przemyslu-projektowanie-wdrazanie-produkcja-kartaSD-298x300.jpg 298w, https:\/\/adrel.com.pl\/wp-content\/uploads\/2022\/05\/adrel-elektronika-automatyka-przemyslowa-sterowniki-dla-przemyslu-projektowanie-wdrazanie-produkcja-kartaSD-150x150.jpg 150w, https:\/\/adrel.com.pl\/wp-content\/uploads\/2022\/05\/adrel-elektronika-automatyka-przemyslowa-sterowniki-dla-przemyslu-projektowanie-wdrazanie-produkcja-kartaSD-768x773.jpg 768w\" sizes=\"auto, (max-width: 200px) 100vw, 200px\" \/><\/figure>\n<\/div><\/div>\n\n\n\n<div class=\"wp-block-column is-layout-flow wp-block-column-is-layout-flow\">\n<p>Czytnik CT-MMC ma mo\u017cliwo\u015b\u0107 obs\u0142ugi karty MMC (Multi Media Card) lub SD. Mo\u017cna u\u017cywa\u0107 kart SD o pojemno\u015bci maksymalnej do 2 Gb. Dyski MMC i SD mo\u017cna pod\u0142\u0105cza\u0107 do komputera PC (za pomoc\u0105 czytnika kart). Taki dysk widziany jest przez system Windows jako kolejny twardy dysk.<\/p>\n<\/div>\n<\/div>\n","protected":false},"excerpt":{"rendered":"<p>Oferowany przez firm\u0119 ADREL zestaw urz\u0105dze\u0144 do przenoszenia i poprawiania program\u00f3w dla Obrabiarek Sterowanych Numerycznie (OSN lub CNC) zosta\u0142 opracowany i wprowadzony do produkcji&nbsp; 1991 roku. Zosta\u0142 sprzedany w ilo\u015bci ponad 2500 egzemplarzy do ponad 750 przedsi\u0119biorstw. Obecnie nie jest ju\u017c produkowany. Urz\u0105dzenia do dzisiaj s\u0105 u\u017cywane w przemy\u015ble (od [&hellip;]<\/p>\n","protected":false},"author":1,"featured_media":0,"parent":0,"menu_order":0,"comment_status":"closed","ping_status":"closed","template":"","meta":{"footnotes":""},"class_list":["post-226","page","type-page","status-publish","hentry"],"_links":{"self":[{"href":"https:\/\/adrel.com.pl\/index.php\/wp-json\/wp\/v2\/pages\/226","targetHints":{"allow":["GET"]}}],"collection":[{"href":"https:\/\/adrel.com.pl\/index.php\/wp-json\/wp\/v2\/pages"}],"about":[{"href":"https:\/\/adrel.com.pl\/index.php\/wp-json\/wp\/v2\/types\/page"}],"author":[{"embeddable":true,"href":"https:\/\/adrel.com.pl\/index.php\/wp-json\/wp\/v2\/users\/1"}],"replies":[{"embeddable":true,"href":"https:\/\/adrel.com.pl\/index.php\/wp-json\/wp\/v2\/comments?post=226"}],"version-history":[{"count":2,"href":"https:\/\/adrel.com.pl\/index.php\/wp-json\/wp\/v2\/pages\/226\/revisions"}],"predecessor-version":[{"id":301,"href":"https:\/\/adrel.com.pl\/index.php\/wp-json\/wp\/v2\/pages\/226\/revisions\/301"}],"wp:attachment":[{"href":"https:\/\/adrel.com.pl\/index.php\/wp-json\/wp\/v2\/media?parent=226"}],"curies":[{"name":"wp","href":"https:\/\/api.w.org\/{rel}","templated":true}]}}