{"id":219,"date":"2022-05-08T12:19:22","date_gmt":"2022-05-08T10:19:22","guid":{"rendered":"https:\/\/adrel.com.pl\/?page_id=219"},"modified":"2022-06-13T20:26:21","modified_gmt":"2022-06-13T18:26:21","slug":"sterowniki-projektowanie-i-produkcja","status":"publish","type":"page","link":"https:\/\/adrel.com.pl\/index.php\/sterowniki-projektowanie-i-produkcja\/","title":{"rendered":"Sterowniki \u2013 projektowanie i produkcja"},"content":{"rendered":"\n<div class=\"wp-block-columns is-layout-flex wp-container-core-columns-is-layout-9d6595d7 wp-block-columns-is-layout-flex\">\n<div class=\"wp-block-column is-layout-flow wp-block-column-is-layout-flow\">\n<p>Opr\u00f3cz produkcji w\u0142asnych urz\u0105dze\u0144 zajmujemy si\u0119 projektowaniem, wdra\u017caniem i produkcj\u0105 elektronicznych sterownik\u00f3w. Maj\u0105 one zastosowania w maszynach lub urz\u0105dzeniach wymagaj\u0105cych sterowania. Jednocze\u015bnie mog\u0105 obrazowa\u0107 stan kontrolowanego urz\u0105dzenia na wy\u015bwietlaczu. Nasza oferta obejmuje proste sterowniki bez wy\u015bwietlacza i klawiatury jak i sterowniki kontrolowane przez zaawansowany mikroprocesor z dotykowym wy\u015bwietlaczem graficznym. Sterowniki mog\u0105 by\u0107 wyposa\u017cone w wej\u015bcia cyfrowe jak i analogowe, tzn. wej\u015bcia umo\u017cliwiaj\u0105ce pomiar wielko\u015bci elektrycznych i nieelektrycznych (ci\u015bnienia, temperatury, przep\u0142ywu itp.). Podobnie sygna\u0142y wyj\u015bciowe, mog\u0105 by\u0107 cyfrowe, analogowe oraz przeka\u017anikowe \u2013 steruj\u0105ce stycznikami.<\/p>\n<\/div>\n\n\n\n<div class=\"wp-block-column is-layout-flow wp-block-column-is-layout-flow\">\n<figure class=\"wp-block-image size-full\"><img loading=\"lazy\" decoding=\"async\" width=\"800\" height=\"533\" src=\"https:\/\/adrel.com.pl\/wp-content\/uploads\/2022\/05\/adrel-elektronika-automatyka-przemyslowa-sterowniki-dla-przemyslu-projektowanie-wdrazanie-produkcja-pracownik-uzywa-panelu-sterowania-w-fabryce_140725-7625.jpg\" alt=\"\" class=\"wp-image-220\" srcset=\"https:\/\/adrel.com.pl\/wp-content\/uploads\/2022\/05\/adrel-elektronika-automatyka-przemyslowa-sterowniki-dla-przemyslu-projektowanie-wdrazanie-produkcja-pracownik-uzywa-panelu-sterowania-w-fabryce_140725-7625.jpg 800w, https:\/\/adrel.com.pl\/wp-content\/uploads\/2022\/05\/adrel-elektronika-automatyka-przemyslowa-sterowniki-dla-przemyslu-projektowanie-wdrazanie-produkcja-pracownik-uzywa-panelu-sterowania-w-fabryce_140725-7625-300x200.jpg 300w, https:\/\/adrel.com.pl\/wp-content\/uploads\/2022\/05\/adrel-elektronika-automatyka-przemyslowa-sterowniki-dla-przemyslu-projektowanie-wdrazanie-produkcja-pracownik-uzywa-panelu-sterowania-w-fabryce_140725-7625-768x512.jpg 768w, https:\/\/adrel.com.pl\/wp-content\/uploads\/2022\/05\/adrel-elektronika-automatyka-przemyslowa-sterowniki-dla-przemyslu-projektowanie-wdrazanie-produkcja-pracownik-uzywa-panelu-sterowania-w-fabryce_140725-7625-150x100.jpg 150w\" sizes=\"auto, (max-width: 800px) 100vw, 800px\" \/><\/figure>\n<\/div>\n<\/div>\n\n\n\n<hr class=\"wp-block-separator has-css-opacity\"\/>\n\n\n\n<h2 class=\"has-text-align-center wp-block-heading\">Sterowniki z graficznym ekranem dotykowym<\/h2>\n\n\n\n<div class=\"wp-block-columns is-layout-flex wp-container-core-columns-is-layout-9d6595d7 wp-block-columns-is-layout-flex\">\n<div class=\"wp-block-column is-layout-flow wp-block-column-is-layout-flow\">\n<p>Nasz\u0105 specjalno\u015bci\u0105 s\u0105 sterowniki wyposa\u017cone w dotykowy ekran graficzny. Chocia\u017c takie rozwi\u0105zanie mo\u017ce wydawa\u0107 si\u0119 drogie to okazuje si\u0119 \u017ce najcz\u0119\u015bciej jest ta\u0144sze od klasycznych rozwi\u0105za\u0144. Obecnie wy\u015bwietlacze dotykowe s\u0105 tanie i w powszechnym u\u017cytku. Zast\u0105pienie klasycznych element\u00f3w paneli szaf sterowniczych (przyciski, wy\u0142\u0105czniki, kontrolki itp.) przez sterownik z takim ekranem bardzo cz\u0119sto pozwala na obni\u017cenie koszt\u00f3w.<\/p>\n\n\n\n<p>Prawie ka\u017cdy u\u017cywa smartfona i jeste\u015bmy przyzwyczajeni do tego typu ekran\u00f3w. Jednocze\u015bnie dotykowy wy\u015bwietlacz graficzny daje olbrzymie mo\u017cliwo\u015bci i w dodatku \u0142adny projekt graficzny podnosi walory sprzedawanych maszyn czy urz\u0105dze\u0144.<\/p>\n<\/div>\n\n\n\n<div class=\"wp-block-column is-layout-flow wp-block-column-is-layout-flow\">\n<figure class=\"wp-block-image size-full\"><img loading=\"lazy\" decoding=\"async\" width=\"800\" height=\"580\" src=\"https:\/\/adrel.com.pl\/wp-content\/uploads\/2022\/05\/adrel-elektronika-automatyka-przemyslowa-sterowniki-dla-przemyslu-projektowanie-wdrazanie-produkcja-Ekran_plytka_schemat_pomniejszony.jpg\" alt=\"\" class=\"wp-image-221\" srcset=\"https:\/\/adrel.com.pl\/wp-content\/uploads\/2022\/05\/adrel-elektronika-automatyka-przemyslowa-sterowniki-dla-przemyslu-projektowanie-wdrazanie-produkcja-Ekran_plytka_schemat_pomniejszony.jpg 800w, https:\/\/adrel.com.pl\/wp-content\/uploads\/2022\/05\/adrel-elektronika-automatyka-przemyslowa-sterowniki-dla-przemyslu-projektowanie-wdrazanie-produkcja-Ekran_plytka_schemat_pomniejszony-300x218.jpg 300w, https:\/\/adrel.com.pl\/wp-content\/uploads\/2022\/05\/adrel-elektronika-automatyka-przemyslowa-sterowniki-dla-przemyslu-projektowanie-wdrazanie-produkcja-Ekran_plytka_schemat_pomniejszony-768x557.jpg 768w, https:\/\/adrel.com.pl\/wp-content\/uploads\/2022\/05\/adrel-elektronika-automatyka-przemyslowa-sterowniki-dla-przemyslu-projektowanie-wdrazanie-produkcja-Ekran_plytka_schemat_pomniejszony-150x109.jpg 150w\" sizes=\"auto, (max-width: 800px) 100vw, 800px\" \/><\/figure>\n<\/div>\n<\/div>\n\n\n\n<hr class=\"wp-block-separator has-css-opacity\"\/>\n\n\n\n<h2 class=\"has-text-align-center wp-block-heading\">Projekty graficzne ekran\u00f3w sterownika<\/h2>\n\n\n\n<div class=\"wp-block-columns is-layout-flex wp-container-core-columns-is-layout-9d6595d7 wp-block-columns-is-layout-flex\">\n<div class=\"wp-block-column is-layout-flow wp-block-column-is-layout-flow\">\n<p>Posiadamy odpowiednie narz\u0119dzia i tzw. biblioteki element\u00f3w graficznych kt\u00f3re pozwalaj\u0105 nam na wykonanie praktycznie dowolnego projektu graficznego. Uk\u0142ad graficzny mo\u017cemy wykona\u0107 wg projektu klienta jak i mo\u017cemy zaproponowa\u0107 w\u0142asne rozwi\u0105zanie. Wsp\u00f3\u0142pracujemy z do\u015bwiadczonymi grafikami kt\u00f3rzy tworz\u0105 aplikacje na urz\u0105dzenia mobilne. Obok pokazujemy kilka przyk\u0142adowych ekran\u00f3w z wykonanych projekt\u00f3w oraz ekran testowy. Sterownik mo\u017cna wyposa\u017cy\u0107 w kart\u0119 SD gdzie mo\u017cna np. zapisa\u0107 instrukcj\u0119 u\u017cytkowania \u2013 nawet wielostronicow\u0105 ze zdj\u0119ciami. Instrukcj\u0119 mo\u017cna wy\u015bwietla\u0107 i przewija\u0107 na ekranie sterownika. Na \u017cyczenie mo\u017cemy zainstalowa\u0107 z\u0142\u0105cze internetowe lub USB pozwalaj\u0105ce na \u0142\u0105czno\u015b\u0107 z komputerem do wymiany danych lub do aktualizacji oprogramowania.<\/p>\n<\/div>\n\n\n\n<div class=\"wp-block-column is-layout-flow wp-block-column-is-layout-flow\">\n<figure class=\"wp-block-image size-full\"><img loading=\"lazy\" decoding=\"async\" width=\"800\" height=\"600\" src=\"https:\/\/adrel.com.pl\/wp-content\/uploads\/2022\/05\/adrel-elektronika-automatyka-przemyslowa-sterowniki-dla-przemyslu-projektowanie-wdrazanie-produkcja-przyklady-ekranow.jpg\" alt=\"\" class=\"wp-image-222\" srcset=\"https:\/\/adrel.com.pl\/wp-content\/uploads\/2022\/05\/adrel-elektronika-automatyka-przemyslowa-sterowniki-dla-przemyslu-projektowanie-wdrazanie-produkcja-przyklady-ekranow.jpg 800w, https:\/\/adrel.com.pl\/wp-content\/uploads\/2022\/05\/adrel-elektronika-automatyka-przemyslowa-sterowniki-dla-przemyslu-projektowanie-wdrazanie-produkcja-przyklady-ekranow-300x225.jpg 300w, https:\/\/adrel.com.pl\/wp-content\/uploads\/2022\/05\/adrel-elektronika-automatyka-przemyslowa-sterowniki-dla-przemyslu-projektowanie-wdrazanie-produkcja-przyklady-ekranow-768x576.jpg 768w, https:\/\/adrel.com.pl\/wp-content\/uploads\/2022\/05\/adrel-elektronika-automatyka-przemyslowa-sterowniki-dla-przemyslu-projektowanie-wdrazanie-produkcja-przyklady-ekranow-150x113.jpg 150w\" sizes=\"auto, (max-width: 800px) 100vw, 800px\" \/><\/figure>\n<\/div>\n<\/div>\n\n\n\n<hr class=\"wp-block-separator has-css-opacity\"\/>\n\n\n\n<h2 class=\"has-text-align-center wp-block-heading\">Sterowniki z wy\u015bwietlaczami alfanumerycznymi<\/h2>\n\n\n\n<div class=\"wp-block-columns is-layout-flex wp-container-core-columns-is-layout-9d6595d7 wp-block-columns-is-layout-flex\">\n<div class=\"wp-block-column is-layout-flow wp-block-column-is-layout-flow\">\n<p>Drug\u0105 grup\u0105 s\u0105 sterowniki wyposa\u017cone w wy\u015bwietlacz alfanumeryczny oraz klawiatur\u0119 tzw membranow\u0105. Oczywi\u015bcie kontrolowany jest przez mikroprocesor i mo\u017ce by\u0107 wyposa\u017cone w wej\u015bcia i wyj\u015bcia opisane powy\u017cej. Projekt graficzny p\u0142yty czo\u0142owej wykonujemy wg wzoru klienta i jak i mo\u017cemy zaoferowa\u0107 w\u0142asny projekt.<\/p>\n<\/div>\n\n\n\n<div class=\"wp-block-column is-layout-flow wp-block-column-is-layout-flow\">\n<figure class=\"wp-block-image size-full\"><img loading=\"lazy\" decoding=\"async\" width=\"800\" height=\"592\" src=\"https:\/\/adrel.com.pl\/wp-content\/uploads\/2022\/05\/adrel-elektronika-automatyka-przemyslowa-sterowniki-dla-przemyslu-projektowanie-wdrazanie-produkcja-Elbako.jpg\" alt=\"\" class=\"wp-image-223\" srcset=\"https:\/\/adrel.com.pl\/wp-content\/uploads\/2022\/05\/adrel-elektronika-automatyka-przemyslowa-sterowniki-dla-przemyslu-projektowanie-wdrazanie-produkcja-Elbako.jpg 800w, https:\/\/adrel.com.pl\/wp-content\/uploads\/2022\/05\/adrel-elektronika-automatyka-przemyslowa-sterowniki-dla-przemyslu-projektowanie-wdrazanie-produkcja-Elbako-300x222.jpg 300w, https:\/\/adrel.com.pl\/wp-content\/uploads\/2022\/05\/adrel-elektronika-automatyka-przemyslowa-sterowniki-dla-przemyslu-projektowanie-wdrazanie-produkcja-Elbako-768x568.jpg 768w, https:\/\/adrel.com.pl\/wp-content\/uploads\/2022\/05\/adrel-elektronika-automatyka-przemyslowa-sterowniki-dla-przemyslu-projektowanie-wdrazanie-produkcja-Elbako-150x111.jpg 150w\" sizes=\"auto, (max-width: 800px) 100vw, 800px\" \/><\/figure>\n<\/div>\n<\/div>\n\n\n\n<hr class=\"wp-block-separator has-css-opacity\"\/>\n\n\n\n<h2 class=\"has-text-align-center wp-block-heading\">Sterowniki bez wy\u015bwietlaczy<\/h2>\n\n\n\n<div class=\"wp-block-columns is-layout-flex wp-container-core-columns-is-layout-9d6595d7 wp-block-columns-is-layout-flex\">\n<div class=\"wp-block-column is-layout-flow wp-block-column-is-layout-flow\">\n<p>Mo\u017cemy r\u00f3wnie\u017c wykona\u0107 sterowniki bez wy\u015bwietlacza i klawiatury. Wykorzystujemy typowe obudowy na szyn\u0119 DIN lub inne wg wymaga\u0144 klienta. Sterownik mo\u017ce by\u0107 kontrolowany przez mikroprocesor jak i przez inny uk\u0142ad elektroniczny. Zale\u017cy to od z\u0142o\u017cono\u015bci projektu i wymaga\u0144 klienta.<\/p>\n<\/div>\n\n\n\n<div class=\"wp-block-column is-layout-flow wp-block-column-is-layout-flow\">\n<figure class=\"wp-block-image size-full\"><img loading=\"lazy\" decoding=\"async\" width=\"800\" height=\"696\" src=\"https:\/\/adrel.com.pl\/wp-content\/uploads\/2022\/05\/adrel-elektronika-automatyka-przemyslowa-sterowniki-dla-przemyslu-projektowanie-wdrazanie-produkcja-Sterownik_prosty_opis.jpg\" alt=\"\" class=\"wp-image-224\" srcset=\"https:\/\/adrel.com.pl\/wp-content\/uploads\/2022\/05\/adrel-elektronika-automatyka-przemyslowa-sterowniki-dla-przemyslu-projektowanie-wdrazanie-produkcja-Sterownik_prosty_opis.jpg 800w, https:\/\/adrel.com.pl\/wp-content\/uploads\/2022\/05\/adrel-elektronika-automatyka-przemyslowa-sterowniki-dla-przemyslu-projektowanie-wdrazanie-produkcja-Sterownik_prosty_opis-300x261.jpg 300w, https:\/\/adrel.com.pl\/wp-content\/uploads\/2022\/05\/adrel-elektronika-automatyka-przemyslowa-sterowniki-dla-przemyslu-projektowanie-wdrazanie-produkcja-Sterownik_prosty_opis-768x668.jpg 768w, https:\/\/adrel.com.pl\/wp-content\/uploads\/2022\/05\/adrel-elektronika-automatyka-przemyslowa-sterowniki-dla-przemyslu-projektowanie-wdrazanie-produkcja-Sterownik_prosty_opis-150x131.jpg 150w\" sizes=\"auto, (max-width: 800px) 100vw, 800px\" \/><\/figure>\n<\/div>\n<\/div>\n","protected":false},"excerpt":{"rendered":"<p>Opr\u00f3cz produkcji w\u0142asnych urz\u0105dze\u0144 zajmujemy si\u0119 projektowaniem, wdra\u017caniem i produkcj\u0105 elektronicznych sterownik\u00f3w. Maj\u0105 one zastosowania w maszynach lub urz\u0105dzeniach wymagaj\u0105cych sterowania. Jednocze\u015bnie mog\u0105 obrazowa\u0107 stan kontrolowanego urz\u0105dzenia na wy\u015bwietlaczu. Nasza oferta obejmuje proste sterowniki bez wy\u015bwietlacza i klawiatury jak i sterowniki kontrolowane przez zaawansowany mikroprocesor z dotykowym wy\u015bwietlaczem graficznym. Sterowniki [&hellip;]<\/p>\n","protected":false},"author":1,"featured_media":0,"parent":0,"menu_order":0,"comment_status":"closed","ping_status":"closed","template":"","meta":{"footnotes":""},"class_list":["post-219","page","type-page","status-publish","hentry"],"_links":{"self":[{"href":"https:\/\/adrel.com.pl\/index.php\/wp-json\/wp\/v2\/pages\/219","targetHints":{"allow":["GET"]}}],"collection":[{"href":"https:\/\/adrel.com.pl\/index.php\/wp-json\/wp\/v2\/pages"}],"about":[{"href":"https:\/\/adrel.com.pl\/index.php\/wp-json\/wp\/v2\/types\/page"}],"author":[{"embeddable":true,"href":"https:\/\/adrel.com.pl\/index.php\/wp-json\/wp\/v2\/users\/1"}],"replies":[{"embeddable":true,"href":"https:\/\/adrel.com.pl\/index.php\/wp-json\/wp\/v2\/comments?post=219"}],"version-history":[{"count":5,"href":"https:\/\/adrel.com.pl\/index.php\/wp-json\/wp\/v2\/pages\/219\/revisions"}],"predecessor-version":[{"id":339,"href":"https:\/\/adrel.com.pl\/index.php\/wp-json\/wp\/v2\/pages\/219\/revisions\/339"}],"wp:attachment":[{"href":"https:\/\/adrel.com.pl\/index.php\/wp-json\/wp\/v2\/media?parent=219"}],"curies":[{"name":"wp","href":"https:\/\/api.w.org\/{rel}","templated":true}]}}